{"id":807,"date":"2019-11-16T08:00:00","date_gmt":"2019-11-16T07:00:00","guid":{"rendered":"https:\/\/scuolalagorai.it\/?page_id=807"},"modified":"2021-11-10T22:10:05","modified_gmt":"2021-11-10T21:10:05","slug":"sa1-27-corso-di-scialpinismo-2020","status":"publish","type":"page","link":"https:\/\/scuolalagorai.it\/?page_id=807","title":{"rendered":"SA1 \u2013 27\u00b0 corso di scialpinismo \u2013 2020"},"content":{"rendered":"\n<h2 class=\"wp-block-heading\">27\u00b0 corso di scialpinismo SA1<\/h2>\n\n\n\n<p>Per il 2020 la scuola Lagorai organizza il <strong>27\u00b0 corso di scialpinismo SA1<\/strong>. <\/p>\n\n\n\n<p class=\"has-vivid-red-color has-text-color\"><strong>\u00c8 il completamento del corso iniziato nel 2020 e poi interrotto<strong> riservato agli allievi iscritti nel 2020<\/strong>.<\/strong><\/p>\n\n\n\n<h2 class=\"wp-block-heading\"><strong><span class=\"has-inline-color has-luminous-vivid-orange-color\">ATTENZIONE: ulteriori informazioni verranno pubblicate sul sito in base all\u2019evolversi della pandemia Covid-19 in atto.<\/span><\/strong><\/h2>\n\n\n\n<h3 class=\"wp-block-heading\"> <strong>Programma<\/strong><\/h3>\n\n\n\n<p>Apertura ufficiale 27\u00b0 corso SA1: gioved\u00ec  23\/01\/2020 ore 20.00<\/p>\n\n\n\n\n\n\n\n<h3 class=\"wp-block-heading\"><strong>Direzione<\/strong><\/h3>\n\n\n\n<p><strong>Direttore<\/strong>: Ravanelli Daniele (ISA)<br><strong>Vicedirettore<\/strong>: Marconi Paolo (INSA)<\/p>\n\n\n\n<h3 class=\"wp-block-heading\"><strong>Lezioni teoriche<\/strong><\/h3>\n\n\n\n<p>(ore 20.30 \u2013 <a rel=\"noreferrer noopener\" href=\"https:\/\/scuolalagorai.it\/?page_id=322\" target=\"_blank\">sede SAT Pergine Valsugana<\/a>, via Filzi, 3)<br>Per esigenze organizzative date e luogo di incontro delle lezioni teoriche potranno essere modificate durante il corso.<\/p>\n\n\n\n<p><strong><span style=\"background-color:rgba(0, 0, 0, 0)\" class=\"has-inline-color has-vivid-red-color\">Le lezioni teoriche sono aperte a tutti i soci CAI\/SAT.<\/span><\/strong><\/p>\n\n\n\n<ul class=\"wp-block-list\"><li>23\/01\/2020 \u2013 ore 20.30 \u2013 Presentazione del corso. Equipaggiamento e materiali<\/li><li>30\/01\/2020 \u2013 ore 20.30 \u2013 Preparazione della gita, scelta dell\u2019itinerario. Alimentazione e preparazione fisica<\/li><li>13\/02\/2020 \u2013 ore 20.30 \u2013 Cenni di cartografia e orientamento<\/li><li>20\/02\/2020 \u2013 ore 20.30 \u2013 Neve e valanghe<\/li><li>27\/02\/2020 \u2013 ore 20.30 \u2013 Meteorologia e bollettino nivometeo<\/li><li>05\/03\/2020 \u2013 ore 20.30 \u2013 Autosoccorso in valanga. Ricerca del travolto<\/li><li>12\/03\/2020 \u2013 ore 20.30 \u2013 Tecniche di disseppellimento, chiamata del soccorso organizzato, intervento dell\u2019elisoccorso<\/li><li> 26\/03\/2020 \u2013 ore 20.30 \u2013  Ecologia ed etica, manutenzione attrezzatura <\/li><\/ul>\n\n\n\n<h3 class=\"wp-block-heading\"><strong>Lezioni pratiche<\/strong><\/h3>\n\n\n\n<p>Per esigenze organizzative le uscite pratiche potrebbero variare in funzione delle condizioni meteorologiche e dell\u2019innevamento.<\/p>\n\n\n\n<ul class=\"wp-block-list\"><li>Domenica  02\/02\/2020 \u2013 uscita in pista<ul><li>Selezione in pista, tecnica di salita e discesa.<\/li><li>Verifica materiale individuale.<\/li><li>Elementi di ARTVA e dimostrazione utilizzo.<\/li><\/ul><\/li><li>Domenica 16\/02\/2020 \u2013 uscita scialpinistica in ambiente<ul><li>Tecniche di salita e di discesa controllata in traccia, nivologia, ARTVA, cenni di topografia.<\/li><\/ul><\/li><li>Domenica 23\/02\/2020 \u2013 uscita scialpinistica in ambiente<ul><li>Lezione sulla scelta del percorso, riduzione del rischio, esecuzione della traccia, nivologia e ARTVA.<\/li><\/ul><\/li><li>Domenica 08\/03\/2020 \u2013 uscita scialpinistica in ambiente<ul><li>Scelta del percorso e comportamento in casi particolari, topografia e orientamento. ARTVA.<\/li><\/ul><\/li><li>Domenica 15\/03\/2020 \u2013 uscita scialpinistica in ambiente<ul><li>Prove di traccia di salita e discesa, osservazione dell&#8217;ambiente, esercitazione completa di ricerca con e senza ARTVA.<\/li><li>Dimostrazione di primo intervento sull&#8217;infortunato.<\/li><li>Esecuzione e condotta di una gita completa.<\/li><\/ul><\/li><li>Sabato 28\/03\/2020 \u2013 Domenica 29\/03\/2020 \u2013 uscita scialpinistica in ambiente<ul><li>Prove di traccia di salita e discesa, osservazione dell\u2019ambiente, esercitazione completa di ricerca con e senza ARTVA.<\/li><li>Dimostrazione di primo intervento sull\u2019infortunato.<\/li><li>Esecuzione e condotta di una gita completa<\/li><\/ul><\/li><li>Sabato 04\/04\/2020 \u2013 Domenica 05\/04\/2020 \u2013 Eventuale recupero uscite scialpinistiche in ambiente<\/li><\/ul>\n\n\n\n<p>In relazione alle condizioni atmosferiche, all&#8217;innevamento e soprattutto alla sicurezza, gli itinerari saranno scelti nei gruppi montuosi del territorio del Trentino-Alto Adige. A titolo di esempio: Lagorai, Adamello\/Brenta, Sarentini, Puez\/Odle, Dolomiti, Maddalene.<\/p>\n\n\n<div data-post-id=\"144\" class=\"insert-page insert-page-144 \">\n<h3 class=\"wp-block-heading\"><strong>Regolamento<\/strong><\/h3>\n\n\n\n<ul class=\"wp-block-list\">\n<li>Art. 1 \u2013 La Scuola Intersezionale Lagorai indice e organizza il corso di Sci Alpinismo Base SA1.<\/li>\n\n\n\n<li>Art. 2 \u2013 Il Corso ha lo scopo di introdurre a questa attivit\u00e0 chi possiede gi\u00e0 una minima esperienza in ambiente di montagna e con buone capacit\u00e0 sciistiche e si propone di fornire quelle cognizioni culturali e tecniche di base necessari per permettere di godere della disciplina dello scialpinismo riducendo al minimo i rischi.<\/li>\n\n\n\n<li>Art. 3 \u2013 L\u2019iscrizione \u00e8 aperta a tutti coloro che abbiano compiuto il 18\u00b0 anno di et\u00e0, previa compilazione e sottoscrizione della domanda \u2013 dichiarazione. La Direzione si riserva di accettare le iscrizioni e di escludere in ogni momento chi non ritenesse idoneo.<\/li>\n\n\n\n<li>Art. 4 \u2013 Potranno partecipare al corso soltanto coloro che presenteranno, prima dell\u2019inizio dello stesso, il certificato medico attestante l\u2019idoneit\u00e0 a svolgere attivit\u00e0 sportive non agonistiche.<\/li>\n\n\n\n<li>Art. 5 \u2013 Il Direttore del Corso, a suo insindacabile giudizio, potr\u00e0 escludere dalle lezioni, in qualsiasi momento, gli allievi che ritenesse non completamente capaci o insufficientemente disciplinati. Si fa presente che nella prima lezione pratica \u2013 uscita in pista \u2013 verranno verificate le capacit\u00e0 di base a livello sciistico degli allievi che qualora ritenute non sufficienti ne causeranno l\u2019esclusione dal corso, con rimborso della quota di iscrizione (decurtata di 50 euro).<\/li>\n\n\n\n<li>Art. 6 \u2013 In qualsiasi circostanza gli allievi sono tenuti ad osservare nei confronti del Direttore e degli Istruttori contegno di stretta dipendenza disciplinare, attenendosi scrupolosamente alle disposizioni loro impartite.<\/li>\n\n\n\n<li>Art. 7 \u2013 La Direzione adotta ogni precauzione dettata dall\u2019esperienza onde tutelare l\u2019incolumit\u00e0 degli allievi. Altres\u00ec declina ogni responsabilit\u00e0 di qualsiasi genere per eventuali incidenti che potessero accadere sia durante lo svolgimento dell\u2019attivit\u00e0 che nei trasferimenti con automezzi. Con la loro adesione gli allievi assumono per s\u00e9 stessi tutte le conseguenze che potrebbero derivarne. La frequentazione della montagna, presenta dei rischi e chi le pratica se ne assume la piena responsabilit\u00e0. Le scuole del CAI adottano tutte le misure precauzionali affinch\u00e9 nei vari ambienti si operi con il maggior grado di sicurezza possibile. Con la loro adesione Istruttori ed Allievi sono consapevoli che nello svolgimento dell\u2019attivit\u00e0 alpinistica un rischio residuo \u00e8 sempre presente e non \u00e8 mai azzerabile.<\/li>\n\n\n\n<li>Art. 8 \u2013 L\u2019iscrizione al CAI garantisce l\u2019assicurazione contro infortuni degli Istruttori, Aspiranti Istruttori ed Allievi e contro danni cagionati per responsabilit\u00e0 civile.<\/li>\n\n\n\n<li>Art. 9 \u2013 I programmi non sono vincolanti e possono essere modificati per motivi di sicurezza anche nel corso della giornata stessa. Per questioni organizzative le date fissate non possono essere variate, pertanto il ritrovo alla partenza avviene con qualsiasi condizione di tempo.<\/li>\n\n\n\n<li>Art. 10 \u2013 Ad ogni allievo che avr\u00e0 partecipato a tutte le lezioni sar\u00e0 consegnato un attestato di frequenza, una lettera di valutazione e\/o altri riconoscimenti del caso.<\/li>\n<\/ul>\n\n\n\n<p><\/p>\n<\/div>\n\n\n<h3 class=\"wp-block-heading\"><strong>Iscrizioni<\/strong><\/h3>\n\n\n\n<p>Le iscrizioni sono aperte a tutti i Soci CAI in possesso della tecnica elementare di discesa e una discreta preparazione fisica.<br>La prima uscita pratica del corso prevede una prova selettiva sulla tecnica di discesa in pista e fuoripista.<br><strong>Al corso sono ammessi un massimo di 20 allievi.<\/strong><br>L\u2019iscrizione d\u00e0 diritto alle lezioni teoriche e pratiche, all\u2019assicurazione infortuni, all\u2019uso del materiale di gruppo.<\/p>\n\n\n\n\n\n\n\n\n\n\n\n<p class=\"has-vivid-red-color has-text-color\"><strong>Le iscrizioni si chiuderanno improrogabilmente entro il 22\/01\/2020. <\/strong><\/p>\n\n\n\n\n","protected":false},"excerpt":{"rendered":"<p>27\u00b0 corso di scialpinismo SA1 Per il 2020 la scuola Lagorai organizza il 27\u00b0 corso di scialpinismo SA1. \u00c8 il completamento del corso iniziato nel 2020 e poi interrotto riservato agli allievi iscritti nel 2020. ATTENZIONE: ulteriori informazioni verranno pubblicate sul sito in base all\u2019evolversi della pandemia Covid-19 in atto. Apertura ufficiale 27\u00b0 corso SA1: &hellip; <\/p>\n<p class=\"link-more\"><a href=\"https:\/\/scuolalagorai.it\/?page_id=807\" class=\"more-link\">Leggi tutto<span class=\"screen-reader-text\"> &#8220;SA1 \u2013 27\u00b0 corso di scialpinismo \u2013 2020&#8221;<\/span><\/a><\/p>\n","protected":false},"author":1,"featured_media":951,"parent":2,"menu_order":2020,"comment_status":"closed","ping_status":"closed","template":"","meta":{"_exactmetrics_skip_tracking":false,"_exactmetrics_sitenote_active":false,"_exactmetrics_sitenote_note":"","_exactmetrics_sitenote_category":0,"footnotes":""},"class_list":["post-807","page","type-page","status-publish","has-post-thumbnail","hentry"],"_links":{"self":[{"href":"https:\/\/scuolalagorai.it\/index.php?rest_route=\/wp\/v2\/pages\/807","targetHints":{"allow":["GET"]}}],"collection":[{"href":"https:\/\/scuolalagorai.it\/index.php?rest_route=\/wp\/v2\/pages"}],"about":[{"href":"https:\/\/scuolalagorai.it\/index.php?rest_route=\/wp\/v2\/types\/page"}],"author":[{"embeddable":true,"href":"https:\/\/scuolalagorai.it\/index.php?rest_route=\/wp\/v2\/users\/1"}],"replies":[{"embeddable":true,"href":"https:\/\/scuolalagorai.it\/index.php?rest_route=%2Fwp%2Fv2%2Fcomments&post=807"}],"version-history":[{"count":49,"href":"https:\/\/scuolalagorai.it\/index.php?rest_route=\/wp\/v2\/pages\/807\/revisions"}],"predecessor-version":[{"id":1368,"href":"https:\/\/scuolalagorai.it\/index.php?rest_route=\/wp\/v2\/pages\/807\/revisions\/1368"}],"up":[{"embeddable":true,"href":"https:\/\/scuolalagorai.it\/index.php?rest_route=\/wp\/v2\/pages\/2"}],"wp:featuredmedia":[{"embeddable":true,"href":"https:\/\/scuolalagorai.it\/index.php?rest_route=\/wp\/v2\/media\/951"}],"wp:attachment":[{"href":"https:\/\/scuolalagorai.it\/index.php?rest_route=%2Fwp%2Fv2%2Fmedia&parent=807"}],"curies":[{"name":"wp","href":"https:\/\/api.w.org\/{rel}","templated":true}]}}