{"id":787,"date":"2019-04-07T12:00:52","date_gmt":"2019-04-07T11:00:52","guid":{"rendered":"https:\/\/scuolalagorai.it\/?page_id=787"},"modified":"2019-11-23T20:08:38","modified_gmt":"2019-11-23T19:08:38","slug":"a1-3-corso-di-alpinismo-2019","status":"publish","type":"page","link":"https:\/\/scuolalagorai.it\/?page_id=787","title":{"rendered":"A1 \u2013 3\u00b0 corso di alpinismo \u2013 2019"},"content":{"rendered":"\n<h2 class=\"wp-block-heading\">3\u00b0 corso di alpinismo A1<\/h2>\n\n\n\n<p>Per l\u2019anno 2019 la scuola Lagorai organizza il <strong>3\u00b0 corso di alpinismo A1<\/strong>. <\/p>\n\n\n\n<h3 class=\"wp-block-heading\"> <strong>Programma<\/strong><\/h3>\n\n\n\n<p>Apertura ufficiale 3\u00b0 corso A1: gioved\u00ec  09\/05\/2019 ore 20.00 <\/p>\n\n\n\n\n\n\n\n<h3 class=\"wp-block-heading\"><strong>Direzione<\/strong><\/h3>\n\n\n\n<p><strong>Direttore<\/strong>:  Franco Marchetti (IA &#8211; ISA)<\/p>\n\n\n\n<h3 class=\"wp-block-heading\"><strong>Lezioni teoriche<\/strong><\/h3>\n\n\n\n<p>(ore 20.30 \u2013 <a rel=\"noreferrer noopener\" href=\"https:\/\/scuolalagorai.it\/?page_id=322\" target=\"_blank\">sede SAT Pergine Valsugana<\/a>, via Filzi, 3)<br>Per esigenze organizzative date e luogo di incontro delle lezioni teoriche potranno essere modificate durante il corso.<br> NB: Nella serata di presentazione del corso verranno forniti consigli riguardanti i materiali. Si raccomanda pertanto di attendere prima di procedere ad eventuali acquisti. \u00c8 anche previsto che gli allievi portino con se l\u2019equipaggiamento personale eventualmente gi\u00e0 in possesso, in modo da poterne valutarne l\u2019idoneit\u00e0. <\/p>\n\n\n\n<p><strong><span style=\"background-color:rgba(0, 0, 0, 0)\" class=\"has-inline-color has-vivid-red-color\">Le lezioni teoriche sono aperte a tutti i soci CAI\/SAT.<\/span><\/strong><\/p>\n\n\n\n<ul class=\"wp-block-list\"><li>Gioved\u00ec 09\/05\/2019 &#8211; Presentazione del corso. Attrezzatura<\/li><li>Gioved\u00ec 16\/05\/2019 &#8211; Utilizzi delle corde in alpinismo. Caratteristiche dei materiali<\/li><li>Gioved\u00ec 23\/05\/2019 &#8211; Catena di assicurazione e nodi<\/li><li>Gioved\u00ec 30\/05\/2019 &#8211; Alimentazione ed allenamento<\/li><li>Gioved\u00ec 06\/06\/2019 &#8211; Meteorologia<\/li><li>Gioved\u00ec 13\/06\/2019 &#8211; Problemi di salute in montagna<\/li><li>Gioved\u00ec 20\/06\/2019 &#8211; Topografia ed orientamento<\/li><li>Gioved\u00ec 27\/06\/2019 &#8211; Primo soccorso<\/li><li>Gioved\u00ec 04\/07\/2019 &#8211; Utilizzo delle guide alpinistiche, raccolta di informazioni e pianificazione<\/li><li>Gioved\u00ec 11\/07\/2019 &#8211; Storia dell&#8217;alpinismo<\/li><li>Gioved\u00ec 18\/07\/2019 &#8211; Glaciologia e nivologia<\/li><\/ul>\n\n\n\n<h3 class=\"wp-block-heading\"><strong>Lezioni pratiche<\/strong><\/h3>\n\n\n\n<p>Per esigenze organizzative le uscite pratiche potrebbero variare data e  destinazione in funzione delle condizioni nivo \u2013 meteorologiche; gli  itinerari potranno essere svolti anche in zone non coperte da segnale  telefonico. <\/p>\n\n\n\n<ul class=\"wp-block-list\"><li>Domenica 26\/05\/2019 &#8211; Val Sella<\/li><li>Domenica 02\/06\/2019 &#8211; Gruppo del Lagorai<\/li><li>Domenica 09\/06\/2019 &#8211; Eventuale recupero<\/li><li>Domenica 23\/06\/2019 &#8211; Gruppo della Marmolada<\/li><li>Domenica 30\/06\/2019 &#8211; Eventuale recupero<\/li><li>Sabato 06\/07\/2019 &#8211; domenica 07\/07\/2019 &#8211; Gruppo del Cevedale<\/li><li>Sabato 13\/07\/2019 &#8211; domenica 14\/07\/2019 &#8211; Eventuale recupero<\/li><li>Sabato 20\/07\/2019 &#8211; domenica 21\/07\/2019 &#8211; Gruppo della Presanella<\/li><li>Sabato 03\/08\/2019 &#8211; domenica 04\/08\/2019 &#8211; Eventuale recupero<\/li><\/ul>\n\n\n<div data-post-id=\"1013\" class=\"insert-page insert-page-1013 \">\n<h3 class=\"wp-block-heading\"><strong>Regolamento<\/strong><\/h3>\n\n\n\n<ul class=\"wp-block-list\">\n<li>Art. 1 &#8211; La Scuola Intersezionale Lagorai indice e organizza il Corso di Alpinismo base A1.<\/li>\n\n\n\n<li>Art. 2 &#8211; Il Corso ha lo scopo di introdurre a questa attivit\u00e0 chi possiede gi\u00e0 una minima esperienza in ambiente di montagna e si propone di fornire quelle cognizioni culturali e tecniche di base necessari per muoversi in sicurezza, in ambiente di alta montagna, su ghiacciai e di affrontare le prime difficolt\u00e0 di una scalata su roccia, riducendo al minimo i rischi.<\/li>\n\n\n\n<li>Art. 3 &#8211; L&#8217;iscrizione \u00e8 aperta a tutti coloro che abbiano compiuto il 16\u00b0 anno di et\u00e0, previa compilazione e sottoscrizione della domanda \u2013 dichiarazione. I minori di 18 anni devono presentare domanda controfirmata da un genitore o da chi ne fa le veci. La Direzione si riserva di accettare le iscrizioni e di escludere in ogni momento gli elementi che ritenesse non idonei.<\/li>\n\n\n\n<li>Art. 4 &#8211; Potranno partecipare al corso soltanto coloro che presenteranno, prima dell\u2019inizio dello stesso, il certificato medico attestante l\u2019idoneit\u00e0 a svolgere attivit\u00e0 sportive non agonistiche.<\/li>\n\n\n\n<li>Art. 5 &#8211; Il Direttore del Corso, a suo insindacabile giudizio, potr\u00e0 escludere dalle lezioni, in qualsiasi momento, gli allievi che ritenesse non completamente capaci o insufficientemente disciplinati.<\/li>\n\n\n\n<li>Art. 6 &#8211; In qualsiasi circostanza gli allievi sono tenuti ad osservare nei confronti del Direttore e degli Istruttori contegno di stretta dipendenza disciplinare, attenendosi scrupolosamente alle disposizioni loro impartite.<\/li>\n\n\n\n<li>Art. 7 &#8211; La Direzione adotta ogni precauzione dettata dall&#8217;esperienza onde tutelare l&#8217;incolumit\u00e0 degli allievi: altres\u00ec declina ogni responsabilit\u00e0 di qualsiasi genere per eventuali incidenti che potessero accadere sia durante lo svolgimento dell&#8217;attivit\u00e0, che nei trasferimenti con automezzi; con la loro adesione gli allievi assumono per se stessi tutte le conseguenze che potrebbero derivarne. La frequentazione della montagna presenta dei rischi e chi la pratica se ne assume la piena responsabilit\u00e0. Le scuole del CAI adottano tutte le misure precauzionali affinch\u00e9 nei vari ambienti si operi con il maggior grado di sicurezza possibile. Con la loro adesione Istruttori ed Allievi sono consapevoli che nello svolgimento dell&#8217;attivit\u00e0 alpinistica un rischio residuo \u00e8 sempre presente e non \u00e8 mai azzerabile.<\/li>\n\n\n\n<li>Art. 8 &#8211; L&#8217;iscrizione al CAI garantisce l&#8217;assicurazione contro infortuni degli Istruttori, Aspiranti-Istruttori ed Allievi, nonch\u00e9 contro i danni cagionati per responsabilit\u00e0 civile.<\/li>\n\n\n\n<li>Art. 9 &#8211; I programmi, che potranno prevedere il raggiungimento di qualche cima, non sono per\u00f2 vincolanti e possono essere modificati per motivi di sicurezza anche nel corso della giornata stessa. Per questioni organizzative le date fissate non possono essere variate, pertanto il ritrovo alla partenza avviene con qualsiasi condizione di tempo.<\/li>\n\n\n\n<li>Art. 10 &#8211; Ad ogni allievo che avr\u00e0 partecipato a tutte le lezioni, sar\u00e0 consegnato un attestato di frequenza ed una lettera di valutazione.<\/li>\n<\/ul>\n\n\n\n<p><\/p>\n<\/div>\n\n\n<h3 class=\"wp-block-heading\"><strong>Iscrizioni<\/strong><\/h3>\n\n\n\n<p>Le iscrizioni sono aperte a tutti i soci del CAI in possesso di una   adeguata preparazione fisica e di una minima predisposizione   all&#8217;attivit\u00e0 in ambiente di alta montagna.<br><strong>Previsti minimo 4 e massimo 6 allievi per lo svolgimento del corso.<\/strong><br> L&#8217;iscrizione d\u00e0 diritto alle lezioni teoriche e pratiche, all&#8217;assicurazione infortuni, all&#8217;uso del materiale di gruppo.<br>Le spese di trasferimento e pernottamento (ove previsto) sono a carico degli allievi. <\/p>\n\n\n\n\n\n\n\n<p class=\"has-text-color has-vivid-red-color\"><strong>Le iscrizioni si chiuderanno improrogabilmente entro il 09\/05\/2019. <\/strong><\/p>\n\n\n\n\n","protected":false},"excerpt":{"rendered":"<p>3\u00b0 corso di alpinismo A1 Per l\u2019anno 2019 la scuola Lagorai organizza il 3\u00b0 corso di alpinismo A1. Apertura ufficiale 3\u00b0 corso A1: gioved\u00ec 09\/05\/2019 ore 20.00 Direttore: Franco Marchetti (IA &#8211; ISA) (ore 20.30 \u2013 sede SAT Pergine Valsugana, via Filzi, 3)Per esigenze organizzative date e luogo di incontro delle lezioni teoriche potranno essere &hellip; <\/p>\n<p class=\"link-more\"><a href=\"https:\/\/scuolalagorai.it\/?page_id=787\" class=\"more-link\">Leggi tutto<span class=\"screen-reader-text\"> &#8220;A1 \u2013 3\u00b0 corso di alpinismo \u2013 2019&#8221;<\/span><\/a><\/p>\n","protected":false},"author":1,"featured_media":468,"parent":79,"menu_order":2019,"comment_status":"closed","ping_status":"closed","template":"","meta":{"_exactmetrics_skip_tracking":false,"_exactmetrics_sitenote_active":false,"_exactmetrics_sitenote_note":"","_exactmetrics_sitenote_category":0,"footnotes":""},"class_list":["post-787","page","type-page","status-publish","has-post-thumbnail","hentry"],"_links":{"self":[{"href":"https:\/\/scuolalagorai.it\/index.php?rest_route=\/wp\/v2\/pages\/787","targetHints":{"allow":["GET"]}}],"collection":[{"href":"https:\/\/scuolalagorai.it\/index.php?rest_route=\/wp\/v2\/pages"}],"about":[{"href":"https:\/\/scuolalagorai.it\/index.php?rest_route=\/wp\/v2\/types\/page"}],"author":[{"embeddable":true,"href":"https:\/\/scuolalagorai.it\/index.php?rest_route=\/wp\/v2\/users\/1"}],"replies":[{"embeddable":true,"href":"https:\/\/scuolalagorai.it\/index.php?rest_route=%2Fwp%2Fv2%2Fcomments&post=787"}],"version-history":[{"count":15,"href":"https:\/\/scuolalagorai.it\/index.php?rest_route=\/wp\/v2\/pages\/787\/revisions"}],"predecessor-version":[{"id":1042,"href":"https:\/\/scuolalagorai.it\/index.php?rest_route=\/wp\/v2\/pages\/787\/revisions\/1042"}],"up":[{"embeddable":true,"href":"https:\/\/scuolalagorai.it\/index.php?rest_route=\/wp\/v2\/pages\/79"}],"wp:featuredmedia":[{"embeddable":true,"href":"https:\/\/scuolalagorai.it\/index.php?rest_route=\/wp\/v2\/media\/468"}],"wp:attachment":[{"href":"https:\/\/scuolalagorai.it\/index.php?rest_route=%2Fwp%2Fv2%2Fmedia&parent=787"}],"curies":[{"name":"wp","href":"https:\/\/api.w.org\/{rel}","templated":true}]}}