{"id":1654,"date":"2025-05-18T12:00:00","date_gmt":"2025-05-18T11:00:00","guid":{"rendered":"https:\/\/scuolalagorai.it\/?page_id=1654"},"modified":"2025-05-18T22:56:50","modified_gmt":"2025-05-18T21:56:50","slug":"a1-5-corso-di-alpinismo-2025","status":"publish","type":"page","link":"https:\/\/scuolalagorai.it\/?page_id=1654","title":{"rendered":"A1 \u2013 5\u00b0 corso di alpinismo \u2013 2025"},"content":{"rendered":"\n<h2 class=\"wp-block-heading\">5\u00b0 corso di alpinismo A1<\/h2>\n\n\n\n<p>Per l\u2019anno 2025 la scuola Lagorai organizza il <strong>5\u00b0 corso di alpinismo A1<\/strong>.<\/p>\n\n\n\n<h3 class=\"wp-block-heading\"> <strong>Programma<\/strong><\/h3>\n\n\n\n<p>Apertura ufficiale 5\u00b0 corso A1: mercoled\u00ec 28\/05\/2025 ore 20.00<\/p>\n\n\n\n<p>Scarica il <a href=\"https:\/\/scuolalagorai.it\/wp-content\/uploads\/volantino-A1-2025-05\u00b0corso.pdf\">volantino A1 2025<\/a>.<\/p>\n\n\n\n\n\n\n\n<h3 class=\"wp-block-heading\"><strong>Direzione<\/strong><\/h3>\n\n\n\n<div class=\"wp-block-group\"><div class=\"wp-block-group__inner-container is-layout-flow wp-block-group-is-layout-flow\">\n<p><strong>Direttore<\/strong>: Franco Marchetti (ISA &#8211; IA)<\/p>\n<\/div><\/div>\n\n\n\n<h3 class=\"wp-block-heading\"><strong>Lezioni teoriche<\/strong><\/h3>\n\n\n\n<p>(ore 20.30 \u2013 <a rel=\"noreferrer noopener\" href=\"https:\/\/scuolalagorai.it\/?page_id=322\" target=\"_blank\">sede SAT Pergine Valsugana<\/a>, via Filzi, 3)<br>Per esigenze organizzative date e luogo di incontro delle lezioni teoriche potranno essere modificate durante il corso.<br> NB: Nella serata di presentazione del corso verranno forniti consigli riguardanti i materiali. Si raccomanda pertanto di attendere prima di procedere ad eventuali acquisti. \u00c8 anche previsto che gli allievi portino con se l\u2019equipaggiamento personale eventualmente gi\u00e0 in possesso, in modo da poterne valutarne l\u2019idoneit\u00e0. <\/p>\n\n\n\n<ul class=\"wp-block-list\">\n<li>Mercoled\u00ec 28\/05\/2025 &#8211; ore 20.00 &#8211; Presentazione del corso ed equipaggiamento<\/li>\n\n\n\n<li>Mercoled\u00ec 04\/06\/2025 &#8211; Principali nodi in uso nell\u2019alpinismo<\/li>\n\n\n\n<li>Mercoled\u00ec 11\/06\/2025 &#8211; Catena di assicurazione<\/li>\n\n\n\n<li>Mercoled\u00ec 18\/06\/2025 &#8211; Alimentazione ed allenamento<\/li>\n\n\n\n<li>Mercoled\u00ec 25\/06\/2025 &#8211; Meteorologia<\/li>\n\n\n\n<li>Mercoled\u00ec 02\/07\/2025 &#8211; Topografia e orientamento<\/li>\n\n\n\n<li>Mercoled\u00ec 09\/07\/2025 &#8211; Ghiacciai, neve e valanghe. Pianificazione<\/li>\n\n\n\n<li>Mercoled\u00ec 16\/07\/2025 &#8211; Flora a fauna dell\u2019ambiente alpino<\/li>\n\n\n\n<li>Mercoled\u00ec 23\/07\/2025 &#8211; Approccio all\u2019infortunato e nozioni di primo soccorso<\/li>\n\n\n\n<li>Mercoled\u00ec 30\/07\/2025 &#8211; Storia dei metodi di assicurazione<\/li>\n\n\n\n<li>Mercoled\u00ec 06\/08\/2025 &#8211; Chiusura del corso<\/li>\n<\/ul>\n\n\n\n<h3 class=\"wp-block-heading\"><strong>Lezioni pratiche<\/strong><\/h3>\n\n\n\n<p>Per esigenze organizzative le uscite pratiche potrebbero variare data e destinazione in funzione delle condizioni meteorologiche; gli itinerari potranno essere svolti anche in zone non coperte da segnale telefonico.<\/p>\n\n\n\n<ul class=\"wp-block-list\">\n<li>Domenica 08\/06\/2025 &#8211; Passo Rolle<\/li>\n\n\n\n<li>Domenica 15\/06\/2025 &#8211; Val di Sella<\/li>\n\n\n\n<li>Domenica 06\/07\/2025 &#8211; Val dei Mocheni<\/li>\n\n\n\n<li>Domenica 13\/07\/2025 &#8211; Val Contrin<\/li>\n\n\n\n<li>Sabato 19\/07\/2025 &#8211; domenica 20\/07\/2025 &#8211; Val Stavel<\/li>\n\n\n\n<li>Sabato 26\/07\/2025 &#8211; domenica 27\/07\/2025 &#8211; Val di Pejo<\/li>\n\n\n\n<li>Sabato 02\/08\/2025 &#8211; domenica 03\/08\/2025 &#8211; Da definire (per eventuali recuperi)<\/li>\n<\/ul>\n\n\n<div data-post-id=\"1013\" class=\"insert-page insert-page-1013 \">\n<h3 class=\"wp-block-heading\"><strong>Regolamento<\/strong><\/h3>\n\n\n\n<ul class=\"wp-block-list\">\n<li>Art. 1 &#8211; La Scuola Intersezionale Lagorai indice e organizza il Corso di Alpinismo base A1.<\/li>\n\n\n\n<li>Art. 2 &#8211; Il Corso ha lo scopo di introdurre a questa attivit\u00e0 chi possiede gi\u00e0 una minima esperienza in ambiente di montagna e si propone di fornire quelle cognizioni culturali e tecniche di base necessari per muoversi in sicurezza, in ambiente di alta montagna, su ghiacciai e di affrontare le prime difficolt\u00e0 di una scalata su roccia, riducendo al minimo i rischi.<\/li>\n\n\n\n<li>Art. 3 &#8211; L&#8217;iscrizione \u00e8 aperta a tutti coloro che abbiano compiuto il 16\u00b0 anno di et\u00e0, previa compilazione e sottoscrizione della domanda \u2013 dichiarazione. I minori di 18 anni devono presentare domanda controfirmata da un genitore o da chi ne fa le veci. La Direzione si riserva di accettare le iscrizioni e di escludere in ogni momento gli elementi che ritenesse non idonei.<\/li>\n\n\n\n<li>Art. 4 &#8211; Potranno partecipare al corso soltanto coloro che presenteranno, prima dell\u2019inizio dello stesso, il certificato medico attestante l\u2019idoneit\u00e0 a svolgere attivit\u00e0 sportive non agonistiche.<\/li>\n\n\n\n<li>Art. 5 &#8211; Il Direttore del Corso, a suo insindacabile giudizio, potr\u00e0 escludere dalle lezioni, in qualsiasi momento, gli allievi che ritenesse non completamente capaci o insufficientemente disciplinati.<\/li>\n\n\n\n<li>Art. 6 &#8211; In qualsiasi circostanza gli allievi sono tenuti ad osservare nei confronti del Direttore e degli Istruttori contegno di stretta dipendenza disciplinare, attenendosi scrupolosamente alle disposizioni loro impartite.<\/li>\n\n\n\n<li>Art. 7 &#8211; La Direzione adotta ogni precauzione dettata dall&#8217;esperienza onde tutelare l&#8217;incolumit\u00e0 degli allievi: altres\u00ec declina ogni responsabilit\u00e0 di qualsiasi genere per eventuali incidenti che potessero accadere sia durante lo svolgimento dell&#8217;attivit\u00e0, che nei trasferimenti con automezzi; con la loro adesione gli allievi assumono per se stessi tutte le conseguenze che potrebbero derivarne. La frequentazione della montagna presenta dei rischi e chi la pratica se ne assume la piena responsabilit\u00e0. Le scuole del CAI adottano tutte le misure precauzionali affinch\u00e9 nei vari ambienti si operi con il maggior grado di sicurezza possibile. Con la loro adesione Istruttori ed Allievi sono consapevoli che nello svolgimento dell&#8217;attivit\u00e0 alpinistica un rischio residuo \u00e8 sempre presente e non \u00e8 mai azzerabile.<\/li>\n\n\n\n<li>Art. 8 &#8211; L&#8217;iscrizione al CAI garantisce l&#8217;assicurazione contro infortuni degli Istruttori, Aspiranti-Istruttori ed Allievi, nonch\u00e9 contro i danni cagionati per responsabilit\u00e0 civile.<\/li>\n\n\n\n<li>Art. 9 &#8211; I programmi, che potranno prevedere il raggiungimento di qualche cima, non sono per\u00f2 vincolanti e possono essere modificati per motivi di sicurezza anche nel corso della giornata stessa. Per questioni organizzative le date fissate non possono essere variate, pertanto il ritrovo alla partenza avviene con qualsiasi condizione di tempo.<\/li>\n\n\n\n<li>Art. 10 &#8211; Ad ogni allievo che avr\u00e0 partecipato a tutte le lezioni, sar\u00e0 consegnato un attestato di frequenza ed una lettera di valutazione.<\/li>\n<\/ul>\n\n\n\n<p><\/p>\n<\/div>\n\n\n<h3 class=\"wp-block-heading\"><strong>Iscrizioni<\/strong><\/h3>\n\n\n\n<p>Le iscrizioni sono aperte a tutti i soci del CAI:<\/p>\n\n\n\n<ul class=\"wp-block-list\">\n<li>in possesso di una adeguata preparazione fisica e di una minima predisposizione all\u2019attivit\u00e0 in ambiente di alta montagna;<\/li>\n\n\n\n<li>in possesso di certificato medico attestante l\u2019idoneit\u00e0 ad attivit\u00e0 sportive non agonistiche (valido anche quello agonistico) con specificata la data dell\u2019ultimo ECG;<\/li>\n\n\n\n<li>in regola con l\u2019iscrizione al CAI (con rinnovo pagato per il 2025).<\/li>\n<\/ul>\n\n\n\n<p><strong>Numero di allievi previsto: minimo 4, massimo 8.<\/strong><br>L&#8217;iscrizione d\u00e0 diritto alle lezioni teoriche e pratiche, all&#8217;assicurazione infortuni, all&#8217;uso del materiale di gruppo.<br>Le spese di trasferimento, vitto ed alloggio in eventuali rifugi\/alberghi rimangono a carico degli allievi.<\/p>\n\n\n\n<p> IBAN scuola Lagorai<br> IT03F0817835224000001155086 <\/p>\n\n\n\n\n\n\n\n<p>La quota di partecipazione corso A1 2025 \u00e8 fissata in 260 \u20ac e va versata entro il giorno 28\/05\/2025.<\/p>\n\n\n\n<p>Per informazioni ed iscrizioni, rivolgersi ore pasti a:<\/p>\n\n\n\n<ul class=\"wp-block-list\">\n<li>direttore del corso Franco Marchetti (tel: 347-1146845)<\/li>\n\n\n\n<li><a href=\"mailto: lagorai@cnsasa.it\">mail<\/a><\/li>\n<\/ul>\n\n\n\n\n\n\n\n<p><\/p>\n","protected":false},"excerpt":{"rendered":"<p>5\u00b0 corso di alpinismo A1 Per l\u2019anno 2025 la scuola Lagorai organizza il 5\u00b0 corso di alpinismo A1. Apertura ufficiale 5\u00b0 corso A1: mercoled\u00ec 28\/05\/2025 ore 20.00 Scarica il volantino A1 2025. Direttore: Franco Marchetti (ISA &#8211; IA) (ore 20.30 \u2013 sede SAT Pergine Valsugana, via Filzi, 3)Per esigenze organizzative date e luogo di incontro &hellip; <\/p>\n<p class=\"link-more\"><a href=\"https:\/\/scuolalagorai.it\/?page_id=1654\" class=\"more-link\">Leggi tutto<span class=\"screen-reader-text\"> &#8220;A1 \u2013 5\u00b0 corso di alpinismo \u2013 2025&#8221;<\/span><\/a><\/p>\n","protected":false},"author":1,"featured_media":1658,"parent":79,"menu_order":2025,"comment_status":"closed","ping_status":"closed","template":"","meta":{"_exactmetrics_skip_tracking":false,"_exactmetrics_sitenote_active":false,"_exactmetrics_sitenote_note":"","_exactmetrics_sitenote_category":0,"footnotes":""},"class_list":["post-1654","page","type-page","status-publish","has-post-thumbnail","hentry"],"_links":{"self":[{"href":"https:\/\/scuolalagorai.it\/index.php?rest_route=\/wp\/v2\/pages\/1654","targetHints":{"allow":["GET"]}}],"collection":[{"href":"https:\/\/scuolalagorai.it\/index.php?rest_route=\/wp\/v2\/pages"}],"about":[{"href":"https:\/\/scuolalagorai.it\/index.php?rest_route=\/wp\/v2\/types\/page"}],"author":[{"embeddable":true,"href":"https:\/\/scuolalagorai.it\/index.php?rest_route=\/wp\/v2\/users\/1"}],"replies":[{"embeddable":true,"href":"https:\/\/scuolalagorai.it\/index.php?rest_route=%2Fwp%2Fv2%2Fcomments&post=1654"}],"version-history":[{"count":6,"href":"https:\/\/scuolalagorai.it\/index.php?rest_route=\/wp\/v2\/pages\/1654\/revisions"}],"predecessor-version":[{"id":1670,"href":"https:\/\/scuolalagorai.it\/index.php?rest_route=\/wp\/v2\/pages\/1654\/revisions\/1670"}],"up":[{"embeddable":true,"href":"https:\/\/scuolalagorai.it\/index.php?rest_route=\/wp\/v2\/pages\/79"}],"wp:featuredmedia":[{"embeddable":true,"href":"https:\/\/scuolalagorai.it\/index.php?rest_route=\/wp\/v2\/media\/1658"}],"wp:attachment":[{"href":"https:\/\/scuolalagorai.it\/index.php?rest_route=%2Fwp%2Fv2%2Fmedia&parent=1654"}],"curies":[{"name":"wp","href":"https:\/\/api.w.org\/{rel}","templated":true}]}}