{"id":1592,"date":"2024-11-22T12:00:00","date_gmt":"2024-11-22T11:00:00","guid":{"rendered":"https:\/\/scuolalagorai.it\/?page_id=1592"},"modified":"2024-12-03T21:48:59","modified_gmt":"2024-12-03T20:48:59","slug":"sa1-31-corso-di-scialpinismo-2025","status":"publish","type":"page","link":"https:\/\/scuolalagorai.it\/?page_id=1592","title":{"rendered":"SA1 \u2013 31\u00b0 corso di scialpinismo \u2013 2025"},"content":{"rendered":"\n<h2 class=\"wp-block-heading\">31\u00b0 corso di scialpinismo SA1<\/h2>\n\n\n\n<p>Per il 2025 la scuola Lagorai organizza il <strong>31\u00b0 corso di scialpinismo SA1<\/strong>. <strong><span style=\"background-color:rgba(0, 0, 0, 0)\" class=\"has-inline-color has-luminous-vivid-orange-color\"><\/span><\/strong><\/p>\n\n\n\n<h3 class=\"wp-block-heading\"> <strong>Programma<\/strong><\/h3>\n\n\n\n<p>Apertura ufficiale 31\u00b0 corso SA1: gioved\u00ec  19\/12\/2024 ore 20.30<\/p>\n\n\n\n<p>Scarica il <a href=\"https:\/\/scuolalagorai.it\/wp-content\/uploads\/volantino-SA1-2025-31\u00b0corso.pdf\" data-type=\"attachment\" data-id=\"1595\" target=\"_blank\" rel=\"noreferrer noopener\">volantino SA1 2025<\/a>.<\/p>\n\n\n\n<h3 class=\"wp-block-heading\"><strong>Direzione<\/strong><\/h3>\n\n\n\n<p><strong>Direttore<\/strong>: Zampa Gabriele (ISA)<br><strong>Vicedirettore<\/strong>: Ravanelli Daniele (ISA)<\/p>\n\n\n\n<h3 class=\"wp-block-heading\"><strong>Lezioni teoriche<\/strong><\/h3>\n\n\n\n<p>(ore 20.30 \u2013 <a rel=\"noreferrer noopener\" href=\"https:\/\/scuolalagorai.it\/?page_id=322\" target=\"_blank\">sede SAT Pergine Valsugana<\/a>, via Filzi, 3)<br>Per esigenze organizzative date e luogo di incontro delle lezioni teoriche potranno essere modificate durante il corso.<\/p>\n\n\n\n<p><strong><span style=\"background-color:rgba(0, 0, 0, 0)\" class=\"has-inline-color has-vivid-red-color\">Le lezioni teoriche sono aperte a tutti i soci CAI\/SAT.<\/span><\/strong><\/p>\n\n\n\n<ul class=\"wp-block-list\">\n<li>19\/12\/2024 \u2013 ore 20.30 \u2013 Presentazione del corso. Equipaggiamento e materiali<\/li>\n\n\n\n<li>09\/01\/2025 \u2013 ore 20.30 \u2013 Preparazione della gita, scelta dell\u2019itinerario. Alimentazione e preparazione fisica<\/li>\n\n\n\n<li>16\/01\/2025 \u2013 ore 20.30 \u2013 Cenni di cartografia e orientamento<\/li>\n\n\n\n<li>19\/01\/2025 \u2013 ore 9.00 (mattina) \u2013 Prove di ricerca ARTVA<\/li>\n\n\n\n<li>30\/01\/2025 \u2013 ore 20.30 \u2013 Eventuale recupero<\/li>\n\n\n\n<li>06\/02\/2025 \u2013 ore 20.30 \u2013 Neve e valanghe<\/li>\n\n\n\n<li>13\/02\/2025 \u2013 ore 20.30 \u2013 Meteorologia e bollettino nivo-meteo<\/li>\n\n\n\n<li>20\/02\/2025 \u2013 ore 20.30 \u2013 Autosoccorso in valanga. Ricerca del travolto<\/li>\n\n\n\n<li>27\/02\/2025 \u2013 ore 20.30 \u2013 Tecniche di disseppellimento, chiamata del soccorso organizzato, intervento dell\u2019elisoccorso<\/li>\n\n\n\n<li>06\/03\/2025 \u2013 ore 20.30 \u2013 Etica ed ecologia<\/li>\n<\/ul>\n\n\n\n<h3 class=\"wp-block-heading\"><strong>Lezioni pratiche<\/strong><\/h3>\n\n\n\n<p>Per esigenze organizzative le uscite pratiche potrebbero variare sia nella data che nella<br>destinazione in funzione delle condizioni meteorologiche, dell\u2019innevamento. Gli itinerari<br>potranno essere svolti anche in zone non coperte da segnale telefonico.<\/p>\n\n\n\n<ul class=\"wp-block-list\">\n<li>Sabato 11\/01\/2025 \u2013 uscita in pista\n<ul class=\"wp-block-list\">\n<li>Selezione in pista, tecnica di salita e discesa.<\/li>\n\n\n\n<li>Verifica materiale individuale.<\/li>\n<\/ul>\n<\/li>\n\n\n\n<li>Domenica 26\/01\/2025 \u2013 Lagorai\n<ul class=\"wp-block-list\">\n<li>Tecniche di salita e di discesa controllata in traccia, nivologia, ARTVA, cenni di topografia.<\/li>\n<\/ul>\n<\/li>\n\n\n\n<li>Domenica 09\/02\/2025 \u2013 Lagorai\n<ul class=\"wp-block-list\">\n<li>Scelta dell&#8217;itinerario, riduzione del rischio, esecuzione della traccia, nivologia e ARTVA.<\/li>\n<\/ul>\n<\/li>\n\n\n\n<li>Sabato 15\/02\/2025 e\/o Domenica 16\/02\/2025 \u2013 Lagorai\n<ul class=\"wp-block-list\">\n<li>Scelta del percorso e comportamento in casi particolari, valutazione dei pericoli, misure di prevenzione degli incidenti da valanga ARTVA.<\/li>\n<\/ul>\n<\/li>\n\n\n\n<li>Sabato 01\/03\/2025 \u2013 Domenica 02\/03\/2025 \u2013 val Passiria\n<ul class=\"wp-block-list\">\n<li>Prove di traccia di salita e discesa, osservazione dell\u2019ambiente, esercitazione completa di ricerca con e senza ARTVA.<\/li>\n\n\n\n<li>Dimostrazione di primo intervento sull\u2019infortunato.<\/li>\n\n\n\n<li>Esecuzione e condotta di una gita completa<\/li>\n<\/ul>\n<\/li>\n\n\n\n<li>Sabato 08\/03\/2025 \u2013 Domenica 09\/03\/2025 \u2013 Eventuale recupero giornate<\/li>\n<\/ul>\n\n\n<div data-post-id=\"144\" class=\"insert-page insert-page-144 \">\n<h3 class=\"wp-block-heading\"><strong>Regolamento<\/strong><\/h3>\n\n\n\n<ul class=\"wp-block-list\">\n<li>Art. 1 \u2013 La Scuola Intersezionale Lagorai indice e organizza il corso di Sci Alpinismo Base SA1.<\/li>\n\n\n\n<li>Art. 2 \u2013 Il Corso ha lo scopo di introdurre a questa attivit\u00e0 chi possiede gi\u00e0 una minima esperienza in ambiente di montagna e con buone capacit\u00e0 sciistiche e si propone di fornire quelle cognizioni culturali e tecniche di base necessari per permettere di godere della disciplina dello scialpinismo riducendo al minimo i rischi.<\/li>\n\n\n\n<li>Art. 3 \u2013 L\u2019iscrizione \u00e8 aperta a tutti coloro che abbiano compiuto il 18\u00b0 anno di et\u00e0, previa compilazione e sottoscrizione della domanda \u2013 dichiarazione. La Direzione si riserva di accettare le iscrizioni e di escludere in ogni momento chi non ritenesse idoneo.<\/li>\n\n\n\n<li>Art. 4 \u2013 Potranno partecipare al corso soltanto coloro che presenteranno, prima dell\u2019inizio dello stesso, il certificato medico attestante l\u2019idoneit\u00e0 a svolgere attivit\u00e0 sportive non agonistiche.<\/li>\n\n\n\n<li>Art. 5 \u2013 Il Direttore del Corso, a suo insindacabile giudizio, potr\u00e0 escludere dalle lezioni, in qualsiasi momento, gli allievi che ritenesse non completamente capaci o insufficientemente disciplinati. Si fa presente che nella prima lezione pratica \u2013 uscita in pista \u2013 verranno verificate le capacit\u00e0 di base a livello sciistico degli allievi che qualora ritenute non sufficienti ne causeranno l\u2019esclusione dal corso, con rimborso della quota di iscrizione (decurtata di 50 euro).<\/li>\n\n\n\n<li>Art. 6 \u2013 In qualsiasi circostanza gli allievi sono tenuti ad osservare nei confronti del Direttore e degli Istruttori contegno di stretta dipendenza disciplinare, attenendosi scrupolosamente alle disposizioni loro impartite.<\/li>\n\n\n\n<li>Art. 7 \u2013 La Direzione adotta ogni precauzione dettata dall\u2019esperienza onde tutelare l\u2019incolumit\u00e0 degli allievi. Altres\u00ec declina ogni responsabilit\u00e0 di qualsiasi genere per eventuali incidenti che potessero accadere sia durante lo svolgimento dell\u2019attivit\u00e0 che nei trasferimenti con automezzi. Con la loro adesione gli allievi assumono per s\u00e9 stessi tutte le conseguenze che potrebbero derivarne. La frequentazione della montagna, presenta dei rischi e chi le pratica se ne assume la piena responsabilit\u00e0. Le scuole del CAI adottano tutte le misure precauzionali affinch\u00e9 nei vari ambienti si operi con il maggior grado di sicurezza possibile. Con la loro adesione Istruttori ed Allievi sono consapevoli che nello svolgimento dell\u2019attivit\u00e0 alpinistica un rischio residuo \u00e8 sempre presente e non \u00e8 mai azzerabile.<\/li>\n\n\n\n<li>Art. 8 \u2013 L\u2019iscrizione al CAI garantisce l\u2019assicurazione contro infortuni degli Istruttori, Aspiranti Istruttori ed Allievi e contro danni cagionati per responsabilit\u00e0 civile.<\/li>\n\n\n\n<li>Art. 9 \u2013 I programmi non sono vincolanti e possono essere modificati per motivi di sicurezza anche nel corso della giornata stessa. Per questioni organizzative le date fissate non possono essere variate, pertanto il ritrovo alla partenza avviene con qualsiasi condizione di tempo.<\/li>\n\n\n\n<li>Art. 10 \u2013 Ad ogni allievo che avr\u00e0 partecipato a tutte le lezioni sar\u00e0 consegnato un attestato di frequenza, una lettera di valutazione e\/o altri riconoscimenti del caso.<\/li>\n<\/ul>\n\n\n\n<p><\/p>\n<\/div>\n\n\n<h3 class=\"wp-block-heading\"><strong>Iscrizioni<\/strong><\/h3>\n\n\n\n<p>Le iscrizioni sono aperte a tutti i Soci CAI in possesso di una adeguata preparazione fisica e di una minima predisposizione all&#8217;attivit\u00e0 in ambiente di montagna. Saranno necessarie tecniche elementari di discesa.<\/p>\n\n\n\n<p>\u00c8 obbligatoria l&#8217;iscrizione al CAI con rinnovo pagato per il 2025.<\/p>\n\n\n\n<p>Potranno partecipare al corso soltanto coloro che presenteranno certificato medico sportivo attestante l&#8217;idoneit\u00e0 ad attivit\u00e0 sportive non agonistiche (valido anche quello agonistico) con specificata la data dell&#8217;ultimo ECG eseguito.<\/p>\n\n\n\n<p><strong>La prima uscita pratica del corso prevede una prova selettiva sulla tecnica di discesa in pista e fuoripista per verificare l&#8217;idoneit\u00e0 ad affrontare una gita in ambiente innevato.<\/strong><\/p>\n\n\n\n<p><strong>Al corso sono ammessi un massimo di 20 allievi.<\/strong><br>L\u2019iscrizione d\u00e0 diritto alle lezioni teoriche e pratiche, all\u2019assicurazione infortuni, all\u2019uso del materiale di gruppo.<\/p>\n\n\n\n<p>La quota di partecipazione al corso SA1 2025 \u00e8 fissata in 280 \u20ac, che deve esser versata entro il 16\/12\/2024.<br>L&#8217;iscrizione sar\u00e0 ritenuta valida solamente dopo il versamento della quota intera tramite bonifico bancario.<br>Le spese di trasferimento, vitto ed alloggio in eventuali rifugi\/alberghi sono a carico degli allievi.<\/p>\n\n\n\n<p> IBAN scuola Lagorai<br> IT03F0817835224000001155086 <\/p>\n\n\n\n\n\n\n\n<p class=\"has-vivid-red-color has-text-color\"><strong>Le iscrizioni si chiuderanno improrogabilmente entro il 16\/12\/2024. <\/strong><\/p>\n\n\n\n\n\n\n\n<p><strong><em><mark style=\"background-color:#fcb900\" class=\"has-inline-color\">Per iscriverti al corso di Scialpinismo base SA1 2025 <a href=\"https:\/\/docs.google.com\/forms\/d\/e\/1FAIpQLSdOJUizR8bUhRNWzss_sblciVLQP0Ky7Y_LO5Q66La0XcXxcA\/viewform\" target=\"_blank\" rel=\"noreferrer noopener\">compila il modulo<\/a>.<\/mark><\/em><\/strong><\/p>\n\n\n\n<p>Per informazioni ed iscrizioni, rivolgersi ore pasti a:\n<\/p>\n\n\n\n<ul class=\"wp-block-list\">\n<li>direttore del corso Zampa Gabriele (tel: 340-3850220)<\/li>\n\n\n\n<li>vicedirettore del corso Ravanelli Daniele (tel: 347-3381943)<\/li>\n\n\n\n<li><a href=\"mailto: lagorai@cnsasa.it\">mail<\/a><\/li>\n<\/ul>\n","protected":false},"excerpt":{"rendered":"<p>31\u00b0 corso di scialpinismo SA1 Per il 2025 la scuola Lagorai organizza il 31\u00b0 corso di scialpinismo SA1. Apertura ufficiale 31\u00b0 corso SA1: gioved\u00ec 19\/12\/2024 ore 20.30 Scarica il volantino SA1 2025. Direttore: Zampa Gabriele (ISA)Vicedirettore: Ravanelli Daniele (ISA) (ore 20.30 \u2013 sede SAT Pergine Valsugana, via Filzi, 3)Per esigenze organizzative date e luogo di &hellip; <\/p>\n<p class=\"link-more\"><a href=\"https:\/\/scuolalagorai.it\/?page_id=1592\" class=\"more-link\">Leggi tutto<span class=\"screen-reader-text\"> &#8220;SA1 \u2013 31\u00b0 corso di scialpinismo \u2013 2025&#8221;<\/span><\/a><\/p>\n","protected":false},"author":1,"featured_media":1599,"parent":2,"menu_order":2025,"comment_status":"closed","ping_status":"closed","template":"","meta":{"_exactmetrics_skip_tracking":false,"_exactmetrics_sitenote_active":false,"_exactmetrics_sitenote_note":"","_exactmetrics_sitenote_category":0,"footnotes":""},"class_list":["post-1592","page","type-page","status-publish","has-post-thumbnail","hentry"],"_links":{"self":[{"href":"https:\/\/scuolalagorai.it\/index.php?rest_route=\/wp\/v2\/pages\/1592","targetHints":{"allow":["GET"]}}],"collection":[{"href":"https:\/\/scuolalagorai.it\/index.php?rest_route=\/wp\/v2\/pages"}],"about":[{"href":"https:\/\/scuolalagorai.it\/index.php?rest_route=\/wp\/v2\/types\/page"}],"author":[{"embeddable":true,"href":"https:\/\/scuolalagorai.it\/index.php?rest_route=\/wp\/v2\/users\/1"}],"replies":[{"embeddable":true,"href":"https:\/\/scuolalagorai.it\/index.php?rest_route=%2Fwp%2Fv2%2Fcomments&post=1592"}],"version-history":[{"count":6,"href":"https:\/\/scuolalagorai.it\/index.php?rest_route=\/wp\/v2\/pages\/1592\/revisions"}],"predecessor-version":[{"id":1614,"href":"https:\/\/scuolalagorai.it\/index.php?rest_route=\/wp\/v2\/pages\/1592\/revisions\/1614"}],"up":[{"embeddable":true,"href":"https:\/\/scuolalagorai.it\/index.php?rest_route=\/wp\/v2\/pages\/2"}],"wp:featuredmedia":[{"embeddable":true,"href":"https:\/\/scuolalagorai.it\/index.php?rest_route=\/wp\/v2\/media\/1599"}],"wp:attachment":[{"href":"https:\/\/scuolalagorai.it\/index.php?rest_route=%2Fwp%2Fv2%2Fmedia&parent=1592"}],"curies":[{"name":"wp","href":"https:\/\/api.w.org\/{rel}","templated":true}]}}