{"id":1463,"date":"2022-12-14T12:00:16","date_gmt":"2022-12-14T11:00:16","guid":{"rendered":"https:\/\/scuolalagorai.it\/?page_id=1463"},"modified":"2022-12-16T16:28:40","modified_gmt":"2022-12-16T15:28:40","slug":"sa2-16-corso-di-scialpinismo-2023","status":"publish","type":"page","link":"https:\/\/scuolalagorai.it\/?page_id=1463","title":{"rendered":"SA2 \u2013 16\u00b0 corso di scialpinismo \u2013 2023"},"content":{"rendered":"\n<h2 class=\"wp-block-heading\">16\u00b0 corso di scialpinismo SA2<\/h2>\n\n\n\n<p>Per il 2023 la scuola Lagorai organizza il <strong>16\u00b0 corso di scialpinismo SA2<\/strong>. <\/p>\n\n\n\n<h3 class=\"wp-block-heading\"> <strong>Programma<\/strong><\/h3>\n\n\n\n<p>Apertura ufficiale 16\u00b0 corso SA2: gioved\u00ec 16\/02\/2023 ore 20.00<\/p>\n\n\n\n<p>Scarica il <a href=\"https:\/\/scuolalagorai.it\/wp-content\/uploads\/volantino-SA2-2023-16%C2%B0corso.pdf\" target=\"_blank\" rel=\"noreferrer noopener\">volantino SA2 2023<\/a>.<\/p>\n\n\n\n<h3 class=\"wp-block-heading\"><strong>Direzione<\/strong><\/h3>\n\n\n\n<p><strong>Direttore<\/strong>: Marchetti Franco (ISA-IA)<br><strong>Vicedirettore<\/strong>: Marconi Paolo (INSA-IAEE) <\/p>\n\n\n\n<h3 class=\"wp-block-heading\"><strong>Lezioni teoriche<\/strong><\/h3>\n\n\n\n<p>(ore 20.30 \u2013 <a rel=\"noreferrer noopener\" href=\"https:\/\/scuolalagorai.it\/?page_id=322\" target=\"_blank\">sede SAT Pergine Valsugana<\/a>, via Filzi, 3)<br><\/p>\n\n\n\n<p>Le lezioni teoriche si terranno normalmente presso la sede della SAT di Pergine salvo variazioni, eventualmente comunicate e concordate con adeguato anticipo; anche eventuali scambi d\u2019argomento fra una data e l\u2019altra saranno comunicati; in casi particolari le lezioni potranno essere seguite anche mediante videoconferenza (possibilit\u00e0 che verr\u00e0 confermata di volta in volta).<\/p>\n\n\n\n<p>NB: durante la lezione inaugurale verranno forniti i consigli per eventuali acquisti; \u00e8 anche opportuno che gli allievi portino con se l\u2019equipaggiamento personale eventualmente gi\u00e0 in possesso, in modo da poterne valutarne l\u2019idoneit\u00e0.<\/p>\n\n\n\n<p><strong><span style=\"background-color:rgba(0, 0, 0, 0)\" class=\"has-inline-color has-vivid-red-color\">Le lezioni teoriche sono aperte a tutti i soci CAI\/SAT.<\/span><\/strong><\/p>\n\n\n\n<ul class=\"wp-block-list\"><li>16\/02\/2023 \u2013 ore 20.30 \u2013 Presentazione del corso ed equipaggiamento<\/li><li>09\/03\/2023 \u2013 ore 20.30 \u2013 Conoscenza dell\u2019ambiente<\/li><li>23\/03\/2023 \u2013 ore 20.30 \u2013 Programmazione dell\u2019uscita<\/li><li>30\/03\/2023 \u2013 ore 20.30 \u2013 Nivologia e valanghe<\/li><li>13\/04\/2023 \u2013 ore 20.30 \u2013 Storia dello scialpinismo<\/li><li>27\/04\/2023 \u2013 ore 20.30 \u2013 Aspetti sanitari e primo soccorso<\/li><li>11\/05\/2023 \u2013 ore 20.30 \u2013 Chiusura del corso<\/li><\/ul>\n\n\n\n<h3 class=\"wp-block-heading\"><strong>Lezioni pratiche<\/strong><\/h3>\n\n\n\n<p>Per esigenze organizzative le uscite pratiche potrebbero variare data e destinazione in funzione delle condizioni meteorologiche; gli itinerari potranno essere svolti anche in zone non coperte da segnale telefonico.<\/p>\n\n\n\n<ul class=\"wp-block-list\"><li>Sabato 25\/02\/2023 \u2013 Monte Bondone<\/li><li>Sabato 11\/03\/2023 \u2013 Lagorai \u2013 Cima d\u2019Asta<\/li><li>Sabato &#8211; Domenica  01-02\/04\/2023 \u2013 Adamello<\/li><li>Sabato &#8211; Domenica  15-16\/04\/2023 \u2013 Adamello<\/li><li>Sabato &#8211; Domenica  29-30\/04\/2023 \u2013 Ortles \u2013 Cevedale<\/li><li>Sabato 06\/05\/2023 \u2013 Domenica 07\/05\/2023 \u2013 Eventuale recupero<\/li><\/ul>\n\n\n<div data-post-id=\"1002\" class=\"insert-page insert-page-1002 \">\n<h3 class=\"wp-block-heading\"><strong>Regolamento<\/strong><\/h3>\n\n\n\n<ul class=\"wp-block-list\">\n<li>Art. 1 &#8211; La Scuola Intersezionale Lagorai indice e organizza il corso di Sci Alpinismo avanzato SA2.<\/li>\n\n\n\n<li>Art. 2 &#8211; Il Corso ha lo scopo di introdurre a questa attivit\u00e0 le persone in possesso di buone capacit\u00e0 sciistiche ed alpinistiche; prevede l&#8217;insegnamento delle nozioni fondamentali per poter svolgere con ragionevole sicurezza l&#8217;attivit\u00e0 di scialpinismo in ambiente di alta montagna e su ghiacciaio.<\/li>\n\n\n\n<li>Art. 3 &#8211; L&#8217;iscrizione \u00e8 aperta a tutti coloro che abbiano compiuto il 18\u00b0 anno di et\u00e0, previa compilazione e sottoscrizione della domanda \u2013 dichiarazione. La Direzione si riserva di accettare le iscrizioni e di escludere in ogni momento gli elementi che ritenesse non idonei.<\/li>\n\n\n\n<li>Art. 4 &#8211; Potranno partecipare al Corso soltanto coloro che presenteranno, prima dell&#8217;inizio dello stesso, certificato medico attestante l&#8217;idoneit\u00e0 ad attivit\u00e0 sportive non agonistiche (va bene anche l\u2019agonistico per chi lo ha, deve coprire l\u2019intero corso o al momento della scadenza va rinnovato).<\/li>\n\n\n\n<li>Art. 5 &#8211; Il Direttore del Corso, a suo insindacabile giudizio, potr\u00e0 escludere dalle lezioni, in qualsiasi momento, gli allievi che ritenesse non completamente capaci o insufficientemente disciplinati. Si fa presente che nella prima lezione pratica verranno verificate le capacit\u00e0 di tipo sciistico ed alpinistico degli allievi; qualora queste venissero ritenute non sufficienti l&#8217;allievo verrebbe escluso dal corso, con rimborso parziale della quota di iscrizione.<\/li>\n\n\n\n<li>Art. 6 &#8211; In qualsiasi circostanza gli allievi sono tenuti ad osservare nei confronti del Direttore e degli Istruttori contegno di stretta dipendenza disciplinare, attenendosi scrupolosamente alle disposizioni loro impartite.<\/li>\n\n\n\n<li>Art. 7 &#8211; La Direzione adotta ogni precauzione dettata dall&#8217;esperienza onde tutelare l&#8217;incolumit\u00e0 degli allievi: altres\u00ec declina ogni responsabilit\u00e0 di qualsiasi genere per eventuali incidenti che potessero accadere sia durante lo svolgimento dell&#8217;attivit\u00e0, che nei trasferimenti con automezzi; con la loro adesione gli allievi assumono per se stessi tutte le conseguenze che potrebbero derivarne. La frequentazione della montagna presenta dei rischi e chi la pratica se ne assume la piena responsabilit\u00e0. Le scuole del CAI adottano tutte le misure precauzionali affinch\u00e9 nei vari ambienti si operi con il maggior grado di sicurezza possibile. Con la loro adesione Istruttori ed Allievi sono consapevoli che nello svolgimento dell&#8217;attivit\u00e0 alpinistica un rischio residuo \u00e8 sempre presente e non \u00e8 mai azzerabile.<\/li>\n\n\n\n<li>Art. 8 &#8211; L&#8217;iscrizione al CAI garantisce l&#8217;assicurazione contro infortuni degli Istruttori, Aspiranti-Istruttori ed Allievi, nonch\u00e9 contro i danni cagionati per Responsabilit\u00e0 Civile.<\/li>\n\n\n\n<li>Art. 9 &#8211; I programmi, che potranno prevedere il raggiungimento di qualche cima, non sono per\u00f2 vincolanti e possono essere modificati per motivi di sicurezza anche nel corso della giornata stessa. Per questioni organizzative le date fissate non possono essere variate, pertanto il ritrovo alla partenza avviene con qualsiasi condizione di tempo (salvo situazioni evidenti e che comprometterebbero la sicurezza, valutabili nei giorni precedenti).<\/li>\n\n\n\n<li>Art. 10 &#8211; Ad ogni allievo che avr\u00e0 partecipato a tutte le lezioni, sar\u00e0 consegnato un Attestato di frequenza ed una lettera di valutazione.<\/li>\n<\/ul>\n<\/div>\n\n\n<h3 class=\"wp-block-heading\"><strong>Iscrizioni<\/strong><\/h3>\n\n\n\n<p>Sono aperte a tutti i soci del CAI:<\/p>\n\n\n\n<ul class=\"wp-block-list\"><li>in possesso di una adeguata preparazione fisica;<\/li><li>in possesso di capacit\u00e0 alpinistiche di livello base (preferibilmente per aver frequentato con profitto un corso di alpinismo base);<\/li><li>in possesso di capacit\u00e0 scialpinistiche di livello base (preferibilmente per aver frequentato con profitto un corso di scialpinismo base);<\/li><li>in possesso di certificato medico attestante l\u2019idoneit\u00e0 ad attivit\u00e0 sportive non agonistiche (valido anche quello agonistico) con specificata la data dell\u2019ultimo ECG;<\/li><li>in regola con l\u2019iscrizione al CAI (con rinnovo pagato per il 2023).<\/li><\/ul>\n\n\n\n<p>La prima uscita pratica del corso prevede una prova selettiva su:<\/p>\n\n\n\n<ul class=\"wp-block-list\"><li>tecnica di salita e discesa con gli sci<\/li><li>progressione con piccozza e ramponi<\/li><li>manovre di corda basilari<\/li><\/ul>\n\n\n\n<p><strong>Al corso sono ammessi un massimo di 8 allievi.<\/strong><\/p>\n\n\n\n<p>L\u2019iscrizione d\u00e0 diritto alle lezioni teoriche e pratiche, all\u2019assicurazione infortuni, all\u2019uso del materiale di gruppo.<\/p>\n\n\n\n<p class=\"has-vivid-red-color has-text-color\"><strong>Le iscrizioni si chiuderanno improrogabilmente entro il 16\/02\/2023. <\/strong><\/p>\n\n\n\n<p>Per informazioni ed iscrizioni, rivolgersi ore pasti a:<\/p>\n\n\n\n<ul class=\"wp-block-list\"><li>direttore: Marchetti Franco (tel: <a href=\"tel: 347 1146845\">347 1146845<\/a>)<\/li><li>vicedirettore: Marconi Paolo (tel: <a href=\"tel: 347 8457463\">347 8457463<\/a>)<\/li><li><a href=\"mailto: lagorai@cnsasa.it\">mail<\/a><\/li><\/ul>\n","protected":false},"excerpt":{"rendered":"<p>16\u00b0 corso di scialpinismo SA2 Per il 2023 la scuola Lagorai organizza il 16\u00b0 corso di scialpinismo SA2. Apertura ufficiale 16\u00b0 corso SA2: gioved\u00ec 16\/02\/2023 ore 20.00 Scarica il volantino SA2 2023. Direttore: Marchetti Franco (ISA-IA)Vicedirettore: Marconi Paolo (INSA-IAEE) (ore 20.30 \u2013 sede SAT Pergine Valsugana, via Filzi, 3) Le lezioni teoriche si terranno normalmente &hellip; <\/p>\n<p class=\"link-more\"><a href=\"https:\/\/scuolalagorai.it\/?page_id=1463\" class=\"more-link\">Leggi tutto<span class=\"screen-reader-text\"> &#8220;SA2 \u2013 16\u00b0 corso di scialpinismo \u2013 2023&#8221;<\/span><\/a><\/p>\n","protected":false},"author":1,"featured_media":1462,"parent":50,"menu_order":2023,"comment_status":"closed","ping_status":"closed","template":"","meta":{"_exactmetrics_skip_tracking":false,"_exactmetrics_sitenote_active":false,"_exactmetrics_sitenote_note":"","_exactmetrics_sitenote_category":0,"footnotes":""},"class_list":["post-1463","page","type-page","status-publish","has-post-thumbnail","hentry"],"_links":{"self":[{"href":"https:\/\/scuolalagorai.it\/index.php?rest_route=\/wp\/v2\/pages\/1463","targetHints":{"allow":["GET"]}}],"collection":[{"href":"https:\/\/scuolalagorai.it\/index.php?rest_route=\/wp\/v2\/pages"}],"about":[{"href":"https:\/\/scuolalagorai.it\/index.php?rest_route=\/wp\/v2\/types\/page"}],"author":[{"embeddable":true,"href":"https:\/\/scuolalagorai.it\/index.php?rest_route=\/wp\/v2\/users\/1"}],"replies":[{"embeddable":true,"href":"https:\/\/scuolalagorai.it\/index.php?rest_route=%2Fwp%2Fv2%2Fcomments&post=1463"}],"version-history":[{"count":10,"href":"https:\/\/scuolalagorai.it\/index.php?rest_route=\/wp\/v2\/pages\/1463\/revisions"}],"predecessor-version":[{"id":1473,"href":"https:\/\/scuolalagorai.it\/index.php?rest_route=\/wp\/v2\/pages\/1463\/revisions\/1473"}],"up":[{"embeddable":true,"href":"https:\/\/scuolalagorai.it\/index.php?rest_route=\/wp\/v2\/pages\/50"}],"wp:featuredmedia":[{"embeddable":true,"href":"https:\/\/scuolalagorai.it\/index.php?rest_route=\/wp\/v2\/media\/1462"}],"wp:attachment":[{"href":"https:\/\/scuolalagorai.it\/index.php?rest_route=%2Fwp%2Fv2%2Fmedia&parent=1463"}],"curies":[{"name":"wp","href":"https:\/\/api.w.org\/{rel}","templated":true}]}}