{"id":1413,"date":"2022-05-02T08:00:00","date_gmt":"2022-05-02T07:00:00","guid":{"rendered":"https:\/\/scuolalagorai.it\/?page_id=1413"},"modified":"2022-05-04T21:35:08","modified_gmt":"2022-05-04T20:35:08","slug":"a1-4-corso-di-alpinismo-2022","status":"publish","type":"page","link":"https:\/\/scuolalagorai.it\/?page_id=1413","title":{"rendered":"A1 \u2013 4\u00b0 corso di alpinismo \u2013 2022"},"content":{"rendered":"\n<h2 class=\"wp-block-heading\">4\u00b0 corso di alpinismo A1<\/h2>\n\n\n\n<p>Per l\u2019anno 2022 la scuola Lagorai organizza il <strong>4\u00b0 corso di alpinismo A1<\/strong>. <\/p>\n\n\n\n<h3 class=\"wp-block-heading\"> <strong>Programma<\/strong><\/h3>\n\n\n\n<p>Apertura ufficiale 4\u00b0 corso A1: gioved\u00ec  09\/06\/2022 ore 20.30 <\/p>\n\n\n\n<p>Scarica il <a href=\"https:\/\/scuolalagorai.it\/wp-content\/uploads\/volantino-A1-2022-04\u00b0corso.pdf\">volantino A1 2022<\/a>.<\/p>\n\n\n\n\n\n\n\n<h3 class=\"wp-block-heading\"><strong>Direzione<\/strong><\/h3>\n\n\n\n<div class=\"wp-block-group\"><div class=\"wp-block-group__inner-container is-layout-flow wp-block-group-is-layout-flow\">\n<p><strong>Direttore<\/strong>: Giuliano Paoli (INSA &#8211; IAEE)<\/p>\n\n\n\n<p><strong>Vicedirettore<\/strong>: Stefano Bertoldi (INSA &#8211; IAEE)<\/p>\n<\/div><\/div>\n\n\n\n<h3 class=\"wp-block-heading\"><strong>Lezioni teoriche<\/strong><\/h3>\n\n\n\n<p>(ore 20.30 \u2013 <a rel=\"noreferrer noopener\" href=\"https:\/\/scuolalagorai.it\/?page_id=322\" target=\"_blank\">sede SAT Pergine Valsugana<\/a>, via Filzi, 3)<br>Per esigenze organizzative date e luogo di incontro delle lezioni teoriche potranno essere modificate durante il corso.<br> NB: Nella serata di presentazione del corso verranno forniti consigli riguardanti i materiali. Si raccomanda pertanto di attendere prima di procedere ad eventuali acquisti. \u00c8 anche previsto che gli allievi portino con se l\u2019equipaggiamento personale eventualmente gi\u00e0 in possesso, in modo da poterne valutarne l\u2019idoneit\u00e0. <\/p>\n\n\n\n<p class=\"has-vivid-red-color has-text-color\"> In funzione delle attuali limitazioni per pandemia da COVID-19, le lezioni teoriche saranno aperte esclusivamente ai partecipanti al corso. <\/p>\n\n\n\n<ul class=\"wp-block-list\"><li>Gioved\u00ec 09\/06\/2022 &#8211; Presentazione del corso. Finalit\u00e0 principali e struttura organizzativa del CAI. Equipaggiamento e materiali<\/li><li>Gioved\u00ec 16\/06\/2022 &#8211; Nodi. Catena di assicurazione<\/li><li>Gioved\u00ec 23\/06\/2022 &#8211; Preparazione fisica e alimentazione<\/li><li>Gioved\u00ec 30\/06\/2022 &#8211; Cartografia e orientamento<\/li><li>Gioved\u00ec 07\/07\/2022 &#8211; Meteo. Neve e bollettino nivo-meteo. Autosoccorso<\/li><li>Gioved\u00ec 14\/07\/2022 &#8211; Pericoli in montagna. Preparazione di una salita. Valutazione delle difficolt\u00e0<\/li><li>Gioved\u00ec 21\/07\/2022 &#8211; Chiamata di soccorso. Elementi di primo soccorso<\/li><li>Gioved\u00ec 28\/07\/2022 &#8211; Conoscenza della montagna e salvaguardia dell\u2019ambiente alpino<\/li><\/ul>\n\n\n\n<h3 class=\"wp-block-heading\"><strong>Lezioni pratiche<\/strong><\/h3>\n\n\n\n<p>Per esigenze organizzative le uscite pratiche potrebbero variare data e  destinazione in funzione delle condizioni meteorologiche, dell\u2019innevamento e dell\u2019evolversi della situazione pandemica. Gli itinerari potranno essere svolti anche in zone non coperte da segnale telefonico. <\/p>\n\n\n\n<ul class=\"wp-block-list\"><li>Domenica 19\/06\/2022 &#8211; uscita su roccia, nodi, soste , corda doppia<\/li><li>Sabato 25\/06\/2022 &#8211; domenica 26\/06\/2022 &#8211; Catinaccio &#8211; Roda di Vael<\/li><li>Sabato 02\/07\/2022 &#8211; uscita in ghiacciaio<\/li><li>Sabato 09\/07\/2022 &#8211; domenica 10\/07\/2022 &#8211; eventuale recupero<\/li><li>Sabato 16\/07\/2022 &#8211; domenica 17\/07\/2022 &#8211; uscita in alta montagna<\/li><li>Sabato 23\/07\/2022 &#8211; domenica 24\/07\/2022 &#8211; eventuale recupero<\/li><li>Sabato 30\/07\/2022 &#8211; domenica 31\/07\/2022 &#8211; uscita in alta montagna<\/li><li>Sabato 06\/08\/2022 &#8211; domenica 07\/08\/2022 &#8211; eventuale recupero<\/li><\/ul>\n\n\n<div data-post-id=\"1013\" class=\"insert-page insert-page-1013 \">\n<h3 class=\"wp-block-heading\"><strong>Regolamento<\/strong><\/h3>\n\n\n\n<ul class=\"wp-block-list\">\n<li>Art. 1 &#8211; La Scuola Intersezionale Lagorai indice e organizza il Corso di Alpinismo base A1.<\/li>\n\n\n\n<li>Art. 2 &#8211; Il Corso ha lo scopo di introdurre a questa attivit\u00e0 chi possiede gi\u00e0 una minima esperienza in ambiente di montagna e si propone di fornire quelle cognizioni culturali e tecniche di base necessari per muoversi in sicurezza, in ambiente di alta montagna, su ghiacciai e di affrontare le prime difficolt\u00e0 di una scalata su roccia, riducendo al minimo i rischi.<\/li>\n\n\n\n<li>Art. 3 &#8211; L&#8217;iscrizione \u00e8 aperta a tutti coloro che abbiano compiuto il 16\u00b0 anno di et\u00e0, previa compilazione e sottoscrizione della domanda \u2013 dichiarazione. I minori di 18 anni devono presentare domanda controfirmata da un genitore o da chi ne fa le veci. La Direzione si riserva di accettare le iscrizioni e di escludere in ogni momento gli elementi che ritenesse non idonei.<\/li>\n\n\n\n<li>Art. 4 &#8211; Potranno partecipare al corso soltanto coloro che presenteranno, prima dell\u2019inizio dello stesso, il certificato medico attestante l\u2019idoneit\u00e0 a svolgere attivit\u00e0 sportive non agonistiche.<\/li>\n\n\n\n<li>Art. 5 &#8211; Il Direttore del Corso, a suo insindacabile giudizio, potr\u00e0 escludere dalle lezioni, in qualsiasi momento, gli allievi che ritenesse non completamente capaci o insufficientemente disciplinati.<\/li>\n\n\n\n<li>Art. 6 &#8211; In qualsiasi circostanza gli allievi sono tenuti ad osservare nei confronti del Direttore e degli Istruttori contegno di stretta dipendenza disciplinare, attenendosi scrupolosamente alle disposizioni loro impartite.<\/li>\n\n\n\n<li>Art. 7 &#8211; La Direzione adotta ogni precauzione dettata dall&#8217;esperienza onde tutelare l&#8217;incolumit\u00e0 degli allievi: altres\u00ec declina ogni responsabilit\u00e0 di qualsiasi genere per eventuali incidenti che potessero accadere sia durante lo svolgimento dell&#8217;attivit\u00e0, che nei trasferimenti con automezzi; con la loro adesione gli allievi assumono per se stessi tutte le conseguenze che potrebbero derivarne. La frequentazione della montagna presenta dei rischi e chi la pratica se ne assume la piena responsabilit\u00e0. Le scuole del CAI adottano tutte le misure precauzionali affinch\u00e9 nei vari ambienti si operi con il maggior grado di sicurezza possibile. Con la loro adesione Istruttori ed Allievi sono consapevoli che nello svolgimento dell&#8217;attivit\u00e0 alpinistica un rischio residuo \u00e8 sempre presente e non \u00e8 mai azzerabile.<\/li>\n\n\n\n<li>Art. 8 &#8211; L&#8217;iscrizione al CAI garantisce l&#8217;assicurazione contro infortuni degli Istruttori, Aspiranti-Istruttori ed Allievi, nonch\u00e9 contro i danni cagionati per responsabilit\u00e0 civile.<\/li>\n\n\n\n<li>Art. 9 &#8211; I programmi, che potranno prevedere il raggiungimento di qualche cima, non sono per\u00f2 vincolanti e possono essere modificati per motivi di sicurezza anche nel corso della giornata stessa. Per questioni organizzative le date fissate non possono essere variate, pertanto il ritrovo alla partenza avviene con qualsiasi condizione di tempo.<\/li>\n\n\n\n<li>Art. 10 &#8211; Ad ogni allievo che avr\u00e0 partecipato a tutte le lezioni, sar\u00e0 consegnato un attestato di frequenza ed una lettera di valutazione.<\/li>\n<\/ul>\n\n\n\n<p><\/p>\n<\/div>\n\n\n<h3 class=\"wp-block-heading\"><strong>Iscrizioni<\/strong><\/h3>\n\n\n\n<p>Le iscrizioni sono aperte a tutti i soci del CAI in possesso di una   adeguata preparazione fisica e di una minima predisposizione all&#8217;attivit\u00e0 in ambiente di alta montagna.<br><strong>Previsti 10 allievi.<\/strong><br>L&#8217;iscrizione d\u00e0 diritto alle lezioni teoriche e pratiche, all&#8217;assicurazione infortuni, all&#8217;uso del materiale di gruppo.<br>Le spese di trasferimento e pernottamento (ove previsto) sono a carico degli allievi. <\/p>\n\n\n\n\n\n\n\n<p>La quota di partecipazione corso A1 2022 \u00e8 fissata in 260 \u20ac e va versata entro il giorno 09\/06\/2022.<\/p>\n\n\n\n<p class=\"has-vivid-red-color has-text-color\"><strong>\u00c8 stato raggiunto il numero massimo di allievi previsti! Le iscrizioni sono chiuse!<\/strong><\/p>\n\n\n\n<p>Per informazioni ed iscrizioni, rivolgersi ore pasti a:<\/p>\n\n\n\n<ul class=\"wp-block-list\"><li>direttore del corso Giuliano Paoli (tel: 340-8089791)<\/li><li><a href=\"mailto: lagorai@cnsasa.it\">mail<\/a><\/li><\/ul>\n\n\n\n\n","protected":false},"excerpt":{"rendered":"<p>4\u00b0 corso di alpinismo A1 Per l\u2019anno 2022 la scuola Lagorai organizza il 4\u00b0 corso di alpinismo A1. Apertura ufficiale 4\u00b0 corso A1: gioved\u00ec 09\/06\/2022 ore 20.30 Scarica il volantino A1 2022. Direttore: Giuliano Paoli (INSA &#8211; IAEE) Vicedirettore: Stefano Bertoldi (INSA &#8211; IAEE) (ore 20.30 \u2013 sede SAT Pergine Valsugana, via Filzi, 3)Per esigenze &hellip; <\/p>\n<p class=\"link-more\"><a href=\"https:\/\/scuolalagorai.it\/?page_id=1413\" class=\"more-link\">Leggi tutto<span class=\"screen-reader-text\"> &#8220;A1 \u2013 4\u00b0 corso di alpinismo \u2013 2022&#8221;<\/span><\/a><\/p>\n","protected":false},"author":1,"featured_media":1418,"parent":79,"menu_order":2022,"comment_status":"closed","ping_status":"closed","template":"","meta":{"_exactmetrics_skip_tracking":false,"_exactmetrics_sitenote_active":false,"_exactmetrics_sitenote_note":"","_exactmetrics_sitenote_category":0,"footnotes":""},"class_list":["post-1413","page","type-page","status-publish","has-post-thumbnail","hentry"],"_links":{"self":[{"href":"https:\/\/scuolalagorai.it\/index.php?rest_route=\/wp\/v2\/pages\/1413","targetHints":{"allow":["GET"]}}],"collection":[{"href":"https:\/\/scuolalagorai.it\/index.php?rest_route=\/wp\/v2\/pages"}],"about":[{"href":"https:\/\/scuolalagorai.it\/index.php?rest_route=\/wp\/v2\/types\/page"}],"author":[{"embeddable":true,"href":"https:\/\/scuolalagorai.it\/index.php?rest_route=\/wp\/v2\/users\/1"}],"replies":[{"embeddable":true,"href":"https:\/\/scuolalagorai.it\/index.php?rest_route=%2Fwp%2Fv2%2Fcomments&post=1413"}],"version-history":[{"count":10,"href":"https:\/\/scuolalagorai.it\/index.php?rest_route=\/wp\/v2\/pages\/1413\/revisions"}],"predecessor-version":[{"id":1443,"href":"https:\/\/scuolalagorai.it\/index.php?rest_route=\/wp\/v2\/pages\/1413\/revisions\/1443"}],"up":[{"embeddable":true,"href":"https:\/\/scuolalagorai.it\/index.php?rest_route=\/wp\/v2\/pages\/79"}],"wp:featuredmedia":[{"embeddable":true,"href":"https:\/\/scuolalagorai.it\/index.php?rest_route=\/wp\/v2\/media\/1418"}],"wp:attachment":[{"href":"https:\/\/scuolalagorai.it\/index.php?rest_route=%2Fwp%2Fv2%2Fmedia&parent=1413"}],"curies":[{"name":"wp","href":"https:\/\/api.w.org\/{rel}","templated":true}]}}