{"id":1369,"date":"2021-11-16T12:00:00","date_gmt":"2021-11-16T11:00:00","guid":{"rendered":"https:\/\/scuolalagorai.it\/?page_id=1369"},"modified":"2022-01-07T16:45:51","modified_gmt":"2022-01-07T15:45:51","slug":"sa1-28-corso-di-scialpinismo-2022","status":"publish","type":"page","link":"https:\/\/scuolalagorai.it\/?page_id=1369","title":{"rendered":"SA1 \u2013 28\u00b0 corso di scialpinismo \u2013 2022"},"content":{"rendered":"\n<h2 class=\"wp-block-heading\">28\u00b0 corso di scialpinismo SA1<\/h2>\n\n\n\n<p>Per il 2022 la scuola Lagorai organizza il <strong>28\u00b0 corso di scialpinismo SA1<\/strong>. <\/p>\n\n\n\n<h3 class=\"wp-block-heading\"> <strong>Programma<\/strong><\/h3>\n\n\n\n<p>Apertura ufficiale 28\u00b0 corso SA1: gioved\u00ec 13\/01\/2022 ore 20.30<\/p>\n\n\n\n<p>Scarica il <a href=\"https:\/\/scuolalagorai.it\/wp-content\/uploads\/volantino-SA1-2022-28\u00b0corso.pdf\" target=\"_blank\" rel=\"noreferrer noopener\">volantino SA1 2022<\/a>.<\/p>\n\n\n\n<h3 class=\"wp-block-heading\"><strong>Direzione<\/strong><\/h3>\n\n\n\n<p><strong>Direttore<\/strong>: Zampa Gabriele (ISA)<br><strong>Vicedirettore<\/strong>:  Marconi Paolo (INSA IAEE)<\/p>\n\n\n\n<p>(ore 20.30 \u2013 <a rel=\"noreferrer noopener\" href=\"https:\/\/scuolalagorai.it\/?page_id=322\" target=\"_blank\">sede SAT Pergine Valsugana<\/a>, via Filzi, 3)<br><\/p>\n\n\n\n<h3 class=\"wp-block-heading\"><strong>Lezioni teoriche<\/strong><\/h3>\n\n\n\n<p>Le lezioni teoriche serali potranno essere seguite anche mediante videoconferenza.<br>Per esigenze organizzative date e luogo di incontro delle lezioni teoriche potranno essere modificate durante il corso.<br>NB: Nella serata di presentazione del corso verranno forniti consigli riguardanti i materiali. Si raccomanda pertanto di attendere prima di procedere ad eventuali acquisti.<\/p>\n\n\n\n<p class=\"has-vivid-red-color has-text-color\">In funzione delle attuali limitazioni per pandemia da COVID-19, le lezioni teoriche saranno aperte esclusivamente ai partecipanti al corso.<\/p>\n\n\n\n\n\n\n\n<ul class=\"wp-block-list\"><li>13\/01\/2022 \u2013 ore 20.30 \u2013 Presentazione del corso. Equipaggiamento e materiali<\/li><li>15\/01\/2022 &#8211; ore 9.00 &#8211; Prove di ricerca ARTVA<\/li><li>20\/01\/2022 \u2013 ore 20.30 \u2013 Preparazione della gita, scelta dell\u2019itinerario. Alimentazione e preparazione fisica<\/li><li>27\/01\/2022 \u2013 ore 20.30 \u2013 Cenni di cartografia e orientamento<\/li><li>10\/02\/2022 \u2013 ore 20.30 \u2013 Neve e valanghe<\/li><li>24\/02\/2022 \u2013 ore 20.30 \u2013 Meteorologia e bollettino nivometeo<\/li><li>10\/03\/2022 \u2013 ore 20.30 \u2013 Autosoccorso in valanga. Ricerca del travolto<\/li><li>24\/03\/2022 \u2013 ore 20.30 \u2013 Tecniche di disseppellimento, chiamata del soccorso organizzato, intervento dell\u2019elisoccorso<\/li><\/ul>\n\n\n\n<h3 class=\"wp-block-heading\"><strong>Lezioni pratiche<\/strong><\/h3>\n\n\n\n<p>Per esigenze organizzative le uscite pratiche potrebbero variare destinazione in funzione delle condizioni meteorologiche, dell\u2019innevamento e dell&#8217;evolversi della situazione pandemica. Gli itinerari potranno essere svolti anche in zone non coperte da segnale telefonico.<\/p>\n\n\n\n<ul class=\"wp-block-list\"><li>Domenica 30\/01\/2022 \u2013 uscita in pista<ul><li>Selezione in pista, tecnica di salita e discesa.<\/li><li>Verifica materiale individuale.<\/li><\/ul><\/li><li>Domenica 13\/02\/2022 \u2013 Lagorai<ul><li>Tecniche di salita e di discesa controllata in traccia, nivologia, ARTVA, cenni di topografia.<\/li><\/ul><\/li><li>Domenica 27\/02\/2022 \u2013 Lagorai<ul><li>Scelta dell&#8217;itinerario, riduzione del rischio, esecuzione della traccia, nivologia e ARTVA<\/li><\/ul><\/li><li>Domenica 13\/03\/2022 \u2013 monti Sarentini<ul><li>Scelta del percorso e comportamento in casi particolari, topografia e orientamento, ARTVA.<\/li><\/ul><\/li><li>Sabato 26\/03\/2022 \u2013 Domenica 27\/03\/2022 \u2013 val Martello<ul><li>Prove di traccia di salita e discesa, osservazione dell\u2019ambiente, esercitazione completa di ricerca con e senza ARTVA.<\/li><li>Dimostrazione di primo intervento sull\u2019infortunato.<\/li><li>Esecuzione e condotta di una gita completa<\/li><\/ul><\/li><li>Sabato 02\/04\/2022 \u2013 Domenica 03\/04\/2022 \u2013 Eventuale recupero giornate <\/li><\/ul>\n\n\n<div data-post-id=\"144\" class=\"insert-page insert-page-144 \">\n<h3 class=\"wp-block-heading\"><strong>Regolamento<\/strong><\/h3>\n\n\n\n<ul class=\"wp-block-list\">\n<li>Art. 1 \u2013 La Scuola Intersezionale Lagorai indice e organizza il corso di Sci Alpinismo Base SA1.<\/li>\n\n\n\n<li>Art. 2 \u2013 Il Corso ha lo scopo di introdurre a questa attivit\u00e0 chi possiede gi\u00e0 una minima esperienza in ambiente di montagna e con buone capacit\u00e0 sciistiche e si propone di fornire quelle cognizioni culturali e tecniche di base necessari per permettere di godere della disciplina dello scialpinismo riducendo al minimo i rischi.<\/li>\n\n\n\n<li>Art. 3 \u2013 L\u2019iscrizione \u00e8 aperta a tutti coloro che abbiano compiuto il 18\u00b0 anno di et\u00e0, previa compilazione e sottoscrizione della domanda \u2013 dichiarazione. La Direzione si riserva di accettare le iscrizioni e di escludere in ogni momento chi non ritenesse idoneo.<\/li>\n\n\n\n<li>Art. 4 \u2013 Potranno partecipare al corso soltanto coloro che presenteranno, prima dell\u2019inizio dello stesso, il certificato medico attestante l\u2019idoneit\u00e0 a svolgere attivit\u00e0 sportive non agonistiche.<\/li>\n\n\n\n<li>Art. 5 \u2013 Il Direttore del Corso, a suo insindacabile giudizio, potr\u00e0 escludere dalle lezioni, in qualsiasi momento, gli allievi che ritenesse non completamente capaci o insufficientemente disciplinati. Si fa presente che nella prima lezione pratica \u2013 uscita in pista \u2013 verranno verificate le capacit\u00e0 di base a livello sciistico degli allievi che qualora ritenute non sufficienti ne causeranno l\u2019esclusione dal corso, con rimborso della quota di iscrizione (decurtata di 50 euro).<\/li>\n\n\n\n<li>Art. 6 \u2013 In qualsiasi circostanza gli allievi sono tenuti ad osservare nei confronti del Direttore e degli Istruttori contegno di stretta dipendenza disciplinare, attenendosi scrupolosamente alle disposizioni loro impartite.<\/li>\n\n\n\n<li>Art. 7 \u2013 La Direzione adotta ogni precauzione dettata dall\u2019esperienza onde tutelare l\u2019incolumit\u00e0 degli allievi. Altres\u00ec declina ogni responsabilit\u00e0 di qualsiasi genere per eventuali incidenti che potessero accadere sia durante lo svolgimento dell\u2019attivit\u00e0 che nei trasferimenti con automezzi. Con la loro adesione gli allievi assumono per s\u00e9 stessi tutte le conseguenze che potrebbero derivarne. La frequentazione della montagna, presenta dei rischi e chi le pratica se ne assume la piena responsabilit\u00e0. Le scuole del CAI adottano tutte le misure precauzionali affinch\u00e9 nei vari ambienti si operi con il maggior grado di sicurezza possibile. Con la loro adesione Istruttori ed Allievi sono consapevoli che nello svolgimento dell\u2019attivit\u00e0 alpinistica un rischio residuo \u00e8 sempre presente e non \u00e8 mai azzerabile.<\/li>\n\n\n\n<li>Art. 8 \u2013 L\u2019iscrizione al CAI garantisce l\u2019assicurazione contro infortuni degli Istruttori, Aspiranti Istruttori ed Allievi e contro danni cagionati per responsabilit\u00e0 civile.<\/li>\n\n\n\n<li>Art. 9 \u2013 I programmi non sono vincolanti e possono essere modificati per motivi di sicurezza anche nel corso della giornata stessa. Per questioni organizzative le date fissate non possono essere variate, pertanto il ritrovo alla partenza avviene con qualsiasi condizione di tempo.<\/li>\n\n\n\n<li>Art. 10 \u2013 Ad ogni allievo che avr\u00e0 partecipato a tutte le lezioni sar\u00e0 consegnato un attestato di frequenza, una lettera di valutazione e\/o altri riconoscimenti del caso.<\/li>\n<\/ul>\n\n\n\n<p><\/p>\n<\/div>\n\n\n<h3 class=\"wp-block-heading\"><strong>Iscrizioni<\/strong><\/h3>\n\n\n\n<p>Le iscrizioni sono aperte a tutti i Soci CAI in possesso della tecnica elementare di discesa e una discreta preparazione fisica.<br>La prima uscita pratica del corso prevede una prova selettiva sulla tecnica di discesa in pista e fuoripista.<br><strong>Al corso sono ammessi un massimo di 16 allievi.<\/strong><br>L\u2019iscrizione d\u00e0 diritto alle lezioni teoriche e pratiche, all\u2019assicurazione infortuni, all\u2019uso del materiale di gruppo.<br><span class=\"has-inline-color has-vivid-red-color\">Sar\u00e0 obbligatorio essere in possesso di Green Pass, in corso di validit\u00e0, sia per la frequentazione in presenza delle lezioni teoriche che per le uscite pratiche.<\/span><\/p>\n\n\n\n<p>La  quota di partecipazione corso SA1 2022 \u00e8 fissata in 230 \u20ac che deve essere versata <span class=\"has-inline-color has-vivid-red-color\">entro il giorno 09\/01\/2022<\/span>.<br>L&#8217;iscrizione sar\u00e0 ritenuta valida solamente dopo il versamento della quota intera tramite bonifico bancario.<br>All&#8217;atto della presentazione del corso si dovr\u00e0 far pervenire copia della tessera CAI con bollino in corso di validit\u00e0 2022 e certificato medico non agonistico. <br>Le spese di trasferimento e pernottamento (ove previsto) sono a carico degli allievi.<\/p>\n\n\n\n<p> IBAN scuola Lagorai<br> IT03F0817835224000001155086 <\/p>\n\n\n\n<p class=\"has-vivid-red-color has-text-color\"><strong>\u00c8 stato raggiunto il numero massimo di allievi previsti! Le iscrizioni sono chiuse!<\/strong><\/p>\n\n\n<p>Per informazioni ed iscrizioni, rivolgersi ore pasti a:<\/p>\n<ul>\n<li>direttore del corso Zampa Gabriele (tel: 340-3850220)<\/li>\n<li>vicedirettore del corso Marconi Paolo (tel: 347-8457463)<\/li>\n<li><a href=\"mailto: lagorai@cnsasa.it\">mail<\/a><\/li>\n<\/ul>\n\n\n<p><\/p>\n","protected":false},"excerpt":{"rendered":"<p>28\u00b0 corso di scialpinismo SA1 Per il 2022 la scuola Lagorai organizza il 28\u00b0 corso di scialpinismo SA1. Apertura ufficiale 28\u00b0 corso SA1: gioved\u00ec 13\/01\/2022 ore 20.30 Scarica il volantino SA1 2022. Direttore: Zampa Gabriele (ISA)Vicedirettore: Marconi Paolo (INSA IAEE) (ore 20.30 \u2013 sede SAT Pergine Valsugana, via Filzi, 3) Le lezioni teoriche serali potranno &hellip; <\/p>\n<p class=\"link-more\"><a href=\"https:\/\/scuolalagorai.it\/?page_id=1369\" class=\"more-link\">Leggi tutto<span class=\"screen-reader-text\"> &#8220;SA1 \u2013 28\u00b0 corso di scialpinismo \u2013 2022&#8221;<\/span><\/a><\/p>\n","protected":false},"author":1,"featured_media":1402,"parent":2,"menu_order":2022,"comment_status":"closed","ping_status":"closed","template":"","meta":{"_exactmetrics_skip_tracking":false,"_exactmetrics_sitenote_active":false,"_exactmetrics_sitenote_note":"","_exactmetrics_sitenote_category":0,"footnotes":""},"class_list":["post-1369","page","type-page","status-publish","has-post-thumbnail","hentry"],"_links":{"self":[{"href":"https:\/\/scuolalagorai.it\/index.php?rest_route=\/wp\/v2\/pages\/1369","targetHints":{"allow":["GET"]}}],"collection":[{"href":"https:\/\/scuolalagorai.it\/index.php?rest_route=\/wp\/v2\/pages"}],"about":[{"href":"https:\/\/scuolalagorai.it\/index.php?rest_route=\/wp\/v2\/types\/page"}],"author":[{"embeddable":true,"href":"https:\/\/scuolalagorai.it\/index.php?rest_route=\/wp\/v2\/users\/1"}],"replies":[{"embeddable":true,"href":"https:\/\/scuolalagorai.it\/index.php?rest_route=%2Fwp%2Fv2%2Fcomments&post=1369"}],"version-history":[{"count":13,"href":"https:\/\/scuolalagorai.it\/index.php?rest_route=\/wp\/v2\/pages\/1369\/revisions"}],"predecessor-version":[{"id":1409,"href":"https:\/\/scuolalagorai.it\/index.php?rest_route=\/wp\/v2\/pages\/1369\/revisions\/1409"}],"up":[{"embeddable":true,"href":"https:\/\/scuolalagorai.it\/index.php?rest_route=\/wp\/v2\/pages\/2"}],"wp:featuredmedia":[{"embeddable":true,"href":"https:\/\/scuolalagorai.it\/index.php?rest_route=\/wp\/v2\/media\/1402"}],"wp:attachment":[{"href":"https:\/\/scuolalagorai.it\/index.php?rest_route=%2Fwp%2Fv2%2Fmedia&parent=1369"}],"curies":[{"name":"wp","href":"https:\/\/api.w.org\/{rel}","templated":true}]}}