{"id":1260,"date":"2021-06-09T22:02:18","date_gmt":"2021-06-09T21:02:18","guid":{"rendered":"https:\/\/scuolalagorai.it\/?page_id=1260"},"modified":"2021-11-10T22:08:29","modified_gmt":"2021-11-10T21:08:29","slug":"ar1-14-corso-roccia-avanzato-2021","status":"publish","type":"page","link":"https:\/\/scuolalagorai.it\/?page_id=1260","title":{"rendered":"corso monotematico \u2013 2021 &#8211; settembre"},"content":{"rendered":"\n<h2 class=\"wp-block-heading\">corso monotematico di introduzione all&#8217;alpinismo su roccia<\/h2>\n\n\n\n<p>Per l\u2019anno 2021 la scuola Lagorai organizza un <strong>corso monotematico di introduzione all&#8217;alpinismo su roccia<\/strong>. <\/p>\n\n\n\n<h3 class=\"wp-block-heading\"> <strong>Programma<\/strong><\/h3>\n\n\n\n<p>Il corso monotematico si svolger\u00e0 nel mese di settembre, <span class=\"has-inline-color has-vivid-red-color\"><strong>in base all&#8217;andamento della pandemia covid-19<\/strong><\/span>.<\/p>\n\n\n\n<p>Apertura ufficiale corso: sabato  04\/09\/2021 ore 14.00 <\/p>\n\n\n\n\n\n\n\n<h3 class=\"wp-block-heading\"><strong>Direzione<\/strong><\/h3>\n\n\n\n<p><strong>Direttore<\/strong>:  Franco Marchetti (IA &#8211; ISA)<\/p>\n\n\n\n<h3 class=\"wp-block-heading\"><strong>Lezioni teoriche<\/strong><\/h3>\n\n\n\n<p>Le lezioni teoriche si terranno all\u2019aperto, presso la <a rel=\"noreferrer noopener\" href=\"https:\/\/www.openstreetmap.org\/?mlat=46.03633&amp;mlon=11.15412#map=19\/46.03633\/11.15412&amp;layers=N\" target=\"_blank\">palestra di roccia in loc. Bindesi<\/a>.<br><strong>NB<\/strong>: durante la lezione inaugurale verranno forniti i consigli per acquistare l&#8217;equipaggiamento; \u00e8 anche previsto che gli allievi portino con se l&#8217;equipaggiamento personale eventualmente gi\u00e0 in possesso, in modo da poterne valutarne l&#8217;idoneit\u00e0. <\/p>\n\n\n\n<ul class=\"wp-block-list\"><li>Sabato 04\/09\/2021 &#8211; ore 14.00 &#8211; Presentazione del corso. Attrezzatura<\/li><li>Mercoled\u00ec 08\/09\/2021 &#8211; ore 18.00 &#8211; Utilizzo delle attrezzature alpinistiche<\/li><\/ul>\n\n\n\n<h3 class=\"wp-block-heading\"><strong>Lezioni pratiche<\/strong><\/h3>\n\n\n\n<p>Per esigenze organizzative le uscite pratiche potrebbero variare data e destinazione in funzione delle condizioni meteorologiche; gli  itinerari potranno essere svolti anche in zone non coperte da segnale telefonico. <\/p>\n\n\n\n<ul class=\"wp-block-list\"><li>Domenica 12\/09\/2021 &#8211; monte Bondone<\/li><li>Domenica 19\/09\/2021 &#8211; val di Sella<\/li><li>Domenica 26\/09\/2021 &#8211; valle del Sarca<\/li><li>Domenica 03\/10\/2021 &#8211; eventuale recupero<\/li><\/ul>\n\n\n<div data-post-id=\"1354\" class=\"insert-page insert-page-1354 \">\n<h3 class=\"wp-block-heading\"><strong>Regolamento<\/strong><\/h3>\n\n\n\n<ul class=\"wp-block-list\">\n<li>Art. 1 &#8211; La Scuola Intersezionale Lagorai indice e organizza un Corso Monotematico &#8220;introduzione all&#8217;alpinismo su roccia&#8221;.<\/li>\n\n\n\n<li>Art. 2 &#8211; Il Corso ha lo scopo di introdurre a questa attivit\u00e0 chi possiede gi\u00e0 una minima esperienza in ambiente di montagna e si propone di fornire quelle cognizioni culturali e tecniche di base necessari per permettono di godere della disciplina dell&#8217;arrampicata riducendo al minimo i rischi.<\/li>\n\n\n\n<li>Art. 3 &#8211; L&#8217;iscrizione \u00e8 aperta a tutti coloro che abbiano compiuto il 18\u00b0 anno di et\u00e0, previa compilazione e sottoscrizione della domanda \u2013 dichiarazione. La Direzione si riserva di accettare le iscrizioni e di escludere in ogni momento gli elementi che ritenesse non idonei.<\/li>\n\n\n\n<li>Art. 4 &#8211; Potranno partecipare al corso soltanto coloro che presenteranno, prima dell\u2019inizio dello stesso, il certificato medico attestante l\u2019idoneit\u00e0 a svolgere attivit\u00e0 sportive non agonistiche.\n<ul class=\"wp-block-list\"><\/ul>\n<\/li>\n\n\n\n<li>Art. 5 &#8211; Il Direttore del Corso, a suo insindacabile giudizio, potr\u00e0 escludere dalle lezioni, in qualsiasi momento, gli allievi che ritenesse non completamente capaci o insufficientemente disciplinati.<\/li>\n\n\n\n<li>Art. 6 &#8211; In qualsiasi circostanza gli allievi sono tenuti ad osservare nei confronti del Direttore e degli Istruttori contegno di stretta dipendenza disciplinare, attenendosi scrupolosamente alle disposizioni loro impartite.<\/li>\n\n\n\n<li>Art. 7 &#8211; La Direzione adotta ogni precauzione dettata dall&#8217;esperienza onde tutelare l&#8217;incolumit\u00e0 degli allievi. Altres\u00ec declina ogni responsabilit\u00e0 di qualsiasi genere per eventuali incidenti che potessero accadere sia durante lo svolgimento dell&#8217;attivit\u00e0 che nei trasferimenti con automezzi. Con la loro adesione gli allievi assumono per se stessi tutte le conseguenze che potrebbero derivarne. La frequentazione della montagna, della falesia nonch\u00e9 delle strutture indoor di arrampicata attivit\u00e0 che presentano dei rischi e chi le pratica se ne assume la piena responsabilit\u00e0. Le scuole del CAI adottano tutte le misure precauzionali affinch\u00e9 nei vari ambienti si operi con il maggior grado di sicurezza possibile. Con la loro adesione Istruttori ed Allievi sono consapevoli che nello svolgimento dell&#8217;attivit\u00e0 alpinistica un rischio residuo \u00e8 sempre presente e non \u00e8 mai azzerabile.<\/li>\n\n\n\n<li>Art. 8 &#8211; L&#8217;iscrizione al CAI garantisce l&#8217;assicurazione contro infortuni degli Istruttori, Aspiranti Istruttori ed Allievi, nonch\u00e9 contro i rischi di responsabilit\u00e0 civile.<\/li>\n\n\n\n<li>Art. 9 &#8211; I programmi non sono vincolanti e possono essere modificati per motivi di sicurezza anche nel corso della giornata stessa. Per questioni organizzative le date fissate non possono essere variate, pertanto il ritrovo alla partenza avviene con qualsiasi condizione di tempo.<\/li>\n\n\n\n<li>Art. 10 &#8211; Ad ogni allievo che avr\u00e0 partecipato a tutte le lezioni sar\u00e0 consegnato un attestato di frequenza, una lettera di valutazione e\/o altri riconoscimenti del caso.<\/li>\n<\/ul>\n\n\n\n<p><\/p>\n<\/div>\n\n\n<h3 class=\"wp-block-heading\"><strong>Iscrizioni<\/strong><\/h3>\n\n\n\n<p>Le iscrizioni sono aperte a tutti i soci del CAI in possesso di una   adeguata preparazione fisica e di una minima predisposizione   all&#8217;attivit\u00e0 in ambiente di montagna.<br><strong>Previsti minimo 2 e massimo 4 allievi per lo svolgimento del corso.<\/strong><br>L&#8217;iscrizione d\u00e0 diritto alle lezioni teoriche e pratiche, all&#8217;assicurazione infortuni, all&#8217;uso del materiale di gruppo.<br>Le spese di trasferimento sono a carico degli allievi. <\/p>\n\n\n\n\n\n\n\n\n\n\n\n<p class=\"has-vivid-red-color has-text-color\"><strong>Le iscrizioni si chiuderanno improrogabilmente entro il 04\/09\/2021. <\/strong><\/p>\n\n\n\n\n\n\n\n<p><\/p>\n","protected":false},"excerpt":{"rendered":"<p>corso monotematico di introduzione all&#8217;alpinismo su roccia Per l\u2019anno 2021 la scuola Lagorai organizza un corso monotematico di introduzione all&#8217;alpinismo su roccia. Il corso monotematico si svolger\u00e0 nel mese di settembre, in base all&#8217;andamento della pandemia covid-19. Apertura ufficiale corso: sabato 04\/09\/2021 ore 14.00 Direttore: Franco Marchetti (IA &#8211; ISA) Le lezioni teoriche si terranno &hellip; <\/p>\n<p class=\"link-more\"><a href=\"https:\/\/scuolalagorai.it\/?page_id=1260\" class=\"more-link\">Leggi tutto<span class=\"screen-reader-text\"> &#8220;corso monotematico \u2013 2021 &#8211; settembre&#8221;<\/span><\/a><\/p>\n","protected":false},"author":1,"featured_media":1267,"parent":970,"menu_order":202109,"comment_status":"closed","ping_status":"closed","template":"","meta":{"_exactmetrics_skip_tracking":false,"_exactmetrics_sitenote_active":false,"_exactmetrics_sitenote_note":"","_exactmetrics_sitenote_category":0,"footnotes":""},"class_list":["post-1260","page","type-page","status-publish","has-post-thumbnail","hentry"],"_links":{"self":[{"href":"https:\/\/scuolalagorai.it\/index.php?rest_route=\/wp\/v2\/pages\/1260","targetHints":{"allow":["GET"]}}],"collection":[{"href":"https:\/\/scuolalagorai.it\/index.php?rest_route=\/wp\/v2\/pages"}],"about":[{"href":"https:\/\/scuolalagorai.it\/index.php?rest_route=\/wp\/v2\/types\/page"}],"author":[{"embeddable":true,"href":"https:\/\/scuolalagorai.it\/index.php?rest_route=\/wp\/v2\/users\/1"}],"replies":[{"embeddable":true,"href":"https:\/\/scuolalagorai.it\/index.php?rest_route=%2Fwp%2Fv2%2Fcomments&post=1260"}],"version-history":[{"count":37,"href":"https:\/\/scuolalagorai.it\/index.php?rest_route=\/wp\/v2\/pages\/1260\/revisions"}],"predecessor-version":[{"id":1367,"href":"https:\/\/scuolalagorai.it\/index.php?rest_route=\/wp\/v2\/pages\/1260\/revisions\/1367"}],"up":[{"embeddable":true,"href":"https:\/\/scuolalagorai.it\/index.php?rest_route=\/wp\/v2\/pages\/970"}],"wp:featuredmedia":[{"embeddable":true,"href":"https:\/\/scuolalagorai.it\/index.php?rest_route=\/wp\/v2\/media\/1267"}],"wp:attachment":[{"href":"https:\/\/scuolalagorai.it\/index.php?rest_route=%2Fwp%2Fv2%2Fmedia&parent=1260"}],"curies":[{"name":"wp","href":"https:\/\/api.w.org\/{rel}","templated":true}]}}