{"id":1139,"date":"2020-12-15T12:18:10","date_gmt":"2020-12-15T11:18:10","guid":{"rendered":"https:\/\/scuolalagorai.it\/?page_id=1139"},"modified":"2020-12-26T22:19:53","modified_gmt":"2020-12-26T21:19:53","slug":"obiettivi","status":"publish","type":"page","link":"https:\/\/scuolalagorai.it\/?page_id=1139","title":{"rendered":"obiettivi"},"content":{"rendered":"\n<p>Viene data molta importanza al carattere della intersezionalit\u00e0, al fine di raggruppare idealmente diverse sezioni CAI-SAT tra loro vicine, nell&#8217;intento che esse riconoscano alla Scuola il ruolo tecnico e culturale a cui \u00e8 preposta e che pu\u00f2 offrire.<\/p>\n\n\n\n<p>Nell&#8217;ambito di un mondo alpinistico sempre pi\u00f9 evoluto, in relazione alla qualit\u00e0 dei materiali ed alle esigenze degli iscritti, si punta ad un efficace miglioramento dell&#8217;insegnamento ed al continuo confronto ed aggiornamento fra gli istruttori. Fondamentale l&#8217;attenzione alla sicurezza legata sia all&#8217;attrezzatura che ai comportamenti da tenere in ambiente.<\/p>\n\n\n\n<p>L&#8217;intento dei corsi \u00e8 innanzitutto quello di formare alpinisti che siano poi in grado di muoversi autonomamente ed in sicurezza nei vari ambienti, non quello di portare gli allievi a fare belle ascensioni fini a se stesse. La Scuola coordina l&#8217;attivit\u00e0 dei vari corsi, per ciascuno dei quali sono previste lezioni teoriche che si tengono generalmente nella Sede Sat di Pergine Valsugana e lezioni pratiche che si effettuano in montagna nei fine settimana.<\/p>\n\n\n\n<p class=\"has-vivid-red-color has-text-color\"><strong>Le lezioni teoriche, proprio per una scelta precisa della Scuola volta alla conoscenza della prevenzione degli incidenti in montagna ed alla sicurezza individuale e del gruppo, sono libere ed aperte a tutti (soci e non soci CAI-SAT).<\/strong><\/p>\n\n\n\n<p>Il gruppo \u00e8 percepito come valore, come garanzia che relazioni schiette e piacevoli fra i componenti assicurino la crescita di tutti. Tra gli obiettivi si cerca di valorizzare la figura dell&#8217;istruttore, che deve porsi sempre pi\u00f9 come riferimento non solo di affidabilit\u00e0 tecnica, ma anche di &#8220;cultura di montagna&#8221;: il rapporto istruttore allievo si riconosce pi\u00f9 nel dialogo, nel confronto delle opinioni, nella ricerca delle motivazioni che nel tecnicismo.<\/p>\n\n\n\n<p>La Scuola &#8220;Lagorai&#8221; non ha fini di lucro e la legittimit\u00e0 delle sue competenze \u00e8 sancita dalla legislazione corrente dello Stato Italiano. Gli istruttori della Scuola sono tutti titolati o qualificati CAI ed operano in forma assolutamente volontaristica; in ottemperanza alla Legge 6\/89 articolo 20, essi non percepiscono alcuna retribuzione per le attivit\u00e0 svolte durante i Corsi.<\/p>\n\n\n\n<p>Note informative valide per tutte le attivit\u00e0 della Scuola:<\/p>\n\n\n\n<ul class=\"wp-block-list\"><li>I corsi della Scuola di Alpinismo e Scialpinismo &#8220;Lagorai&#8221;, svolgendosi in ambienti aperti di falesia o di montagna, possono presentare, per loro stessa natura, margini di rischio che non possono essere del tutto eliminati e di cui gli allievi devono essere consapevoli. La Direzione adotta ogni precauzione dettata dall&#8217;esperienza onde tutelare l&#8217;incolumit\u00e0 degli allievi: altres\u00ec declina ogni responsabilit\u00e0 di qualsiasi genere per eventuali incidenti che potessero accadere sia durante lo svolgimento dell&#8217;attivit\u00e0, che nei trasferimenti con automezzi; con la loro adesione gli allievi assumono per se stessi tutte le conseguenze che potrebbero derivarne. La Direzione provvede all&#8217;Assicurazione contro gli infortuni degli Istruttori, Aspiranti-Istruttori ed Allievi (inclusa nell&#8217;iscrizione al CAI), nonch\u00e9 contro i rischi di Responsabilit\u00e0 Civile.<\/li><li>Durante la presentazione di ogni singolo corso verranno ampiamente illustrate sia le caratteristiche dell&#8217;attivit\u00e0 in oggetto, sia l&#8217;eventuale grado di rischio ad essa connesso. Potranno partecipare al Corso soltanto coloro che presenteranno certificato medico attestante l&#8217;idoneit\u00e0 ad attivit\u00e0 sportive non agonistiche (valido anche quello agonistico).<\/li><li>In generale, per una corretta frequentazione dei corsi della Scuola, sono richiesti sia un allenamento fisico adeguato, sia una partecipazione costante a tutte le esercitazioni e le lezioni teoriche previste dal programma.<\/li><li>In considerazione delle sempre numerose richieste di partecipazione, \u00e8 possibile che in occasione della presentazione dei corsi abbia luogo una qualche selezione tra i candidati che presentano domanda di ammissione. Il numero di posti disponibili per ciascun corso \u00e8 infatti limitato.<\/li><\/ul>\n\n\n\n<p><a href=\"https:\/\/scuolalagorai.it\/?page_id=74\" data-type=\"page\" data-id=\"74\">Continua a leggere<\/a>.<\/p>\n","protected":false},"excerpt":{"rendered":"<p>Viene data molta importanza al carattere della intersezionalit\u00e0, al fine di raggruppare idealmente diverse sezioni CAI-SAT tra loro vicine, nell&#8217;intento che esse riconoscano alla Scuola il ruolo tecnico e culturale a cui \u00e8 preposta e che pu\u00f2 offrire. Nell&#8217;ambito di un mondo alpinistico sempre pi\u00f9 evoluto, in relazione alla qualit\u00e0 dei materiali ed alle esigenze &hellip; <\/p>\n<p class=\"link-more\"><a href=\"https:\/\/scuolalagorai.it\/?page_id=1139\" class=\"more-link\">Leggi tutto<span class=\"screen-reader-text\"> &#8220;obiettivi&#8221;<\/span><\/a><\/p>\n","protected":false},"author":1,"featured_media":0,"parent":9,"menu_order":15,"comment_status":"closed","ping_status":"closed","template":"","meta":{"_exactmetrics_skip_tracking":false,"_exactmetrics_sitenote_active":false,"_exactmetrics_sitenote_note":"","_exactmetrics_sitenote_category":0,"footnotes":""},"class_list":["post-1139","page","type-page","status-publish","hentry"],"_links":{"self":[{"href":"https:\/\/scuolalagorai.it\/index.php?rest_route=\/wp\/v2\/pages\/1139","targetHints":{"allow":["GET"]}}],"collection":[{"href":"https:\/\/scuolalagorai.it\/index.php?rest_route=\/wp\/v2\/pages"}],"about":[{"href":"https:\/\/scuolalagorai.it\/index.php?rest_route=\/wp\/v2\/types\/page"}],"author":[{"embeddable":true,"href":"https:\/\/scuolalagorai.it\/index.php?rest_route=\/wp\/v2\/users\/1"}],"replies":[{"embeddable":true,"href":"https:\/\/scuolalagorai.it\/index.php?rest_route=%2Fwp%2Fv2%2Fcomments&post=1139"}],"version-history":[{"count":3,"href":"https:\/\/scuolalagorai.it\/index.php?rest_route=\/wp\/v2\/pages\/1139\/revisions"}],"predecessor-version":[{"id":1158,"href":"https:\/\/scuolalagorai.it\/index.php?rest_route=\/wp\/v2\/pages\/1139\/revisions\/1158"}],"up":[{"embeddable":true,"href":"https:\/\/scuolalagorai.it\/index.php?rest_route=\/wp\/v2\/pages\/9"}],"wp:attachment":[{"href":"https:\/\/scuolalagorai.it\/index.php?rest_route=%2Fwp%2Fv2%2Fmedia&parent=1139"}],"curies":[{"name":"wp","href":"https:\/\/api.w.org\/{rel}","templated":true}]}}